{"id":1005,"date":"2021-04-07T08:16:06","date_gmt":"2021-04-07T08:16:06","guid":{"rendered":"http:\/\/www.on-salus.com\/?page_id=1005"},"modified":"2021-04-08T05:16:00","modified_gmt":"2021-04-08T05:16:00","slug":"habitos-saludables","status":"publish","type":"page","link":"https:\/\/www.on-salus.com\/?page_id=1005","title":{"rendered":"Habitos Saludables"},"content":{"rendered":"<p>[et_pb_section fb_built=\u00bb1&#8243; fullwidth=\u00bbon\u00bb admin_label=\u00bbPage Header\u00bb _builder_version=\u00bb4.7.7&#8243; background_image=\u00bbhttp:\/\/www.on-salus.com\/wp-content\/uploads\/2021\/04\/bannerhabitossaludables.jpg\u00bb parallax=\u00bbon\u00bb][et_pb_fullwidth_header title=\u00bbCursos Online\u00bb text_orientation=\u00bbcenter\u00bb background_overlay_color=\u00bbrgba(0,0,0,0)\u00bb admin_label=\u00bbHero Section\u00bb _builder_version=\u00bb4.7.7&#8243; title_font=\u00bbMontserrat|on|||\u00bb title_font_size=\u00bb45px\u00bb title_line_height=\u00bb1.4em\u00bb content_font=\u00bb|700||on|||||\u00bb content_text_align=\u00bbcenter\u00bb content_font_size=\u00bb16px\u00bb content_line_height=\u00bb1.8em\u00bb subhead_font=\u00bb||||\u00bb background_color=\u00bbrgba(255, 255, 255, 0)\u00bb use_background_color_gradient=\u00bbon\u00bb background_color_gradient_start=\u00bbrgba(0,109,167,0.45)\u00bb background_color_gradient_end=\u00bbrgba(255,255,255,0.26)\u00bb custom_button_one=\u00bbon\u00bb button_one_text_size=\u00bb16px\u00bb button_one_bg_color=\u00bb#6eba01&#8243; button_one_border_width=\u00bb2px\u00bb button_one_border_color=\u00bb#6eba01&#8243; button_one_border_radius=\u00bb0&#8243; button_one_letter_spacing=\u00bb2&#8243; button_one_font=\u00bbMontserrat|||on|\u00bb button_one_use_icon=\u00bboff\u00bb custom_button_two=\u00bbon\u00bb button_two_text_size=\u00bb16px\u00bb button_two_border_width=\u00bb2px\u00bb button_two_border_color=\u00bb#ffffff\u00bb button_two_border_radius=\u00bb0&#8243; button_two_letter_spacing=\u00bb2&#8243; button_two_font=\u00bbMontserrat|||on|\u00bb button_two_use_icon=\u00bboff\u00bb module_alignment=\u00bbleft\u00bb height=\u00bb200px\u00bb custom_padding=\u00bb5px||24px|||\u00bb animation_style=\u00bbfade\u00bb content_text_shadow_style=\u00bbpreset1&#8243; text_shadow_style=\u00bbpreset1&#8243; button_one_text_color_hover=\u00bb#6eba01&#8243; button_two_text_color_hover=\u00bb#6eba01&#8243; button_one_border_color_hover=\u00bb#ffffff\u00bb button_two_border_color_hover=\u00bb#ffffff\u00bb button_one_border_radius_hover=\u00bb0&#8243; button_two_border_radius_hover=\u00bb0&#8243; button_one_letter_spacing_hover=\u00bb2&#8243; button_two_letter_spacing_hover=\u00bb2&#8243; button_one_bg_color_hover=\u00bb#ffffff\u00bb button_two_bg_color_hover=\u00bb#ffffff\u00bb button_one_text_size__hover_enabled=\u00bboff\u00bb button_two_text_size__hover_enabled=\u00bboff\u00bb button_one_text_color__hover_enabled=\u00bbon\u00bb button_one_text_color__hover=\u00bb#6eba01&#8243; button_two_text_color__hover_enabled=\u00bbon\u00bb button_two_text_color__hover=\u00bb#6eba01&#8243; button_one_border_width__hover_enabled=\u00bboff\u00bb button_two_border_width__hover_enabled=\u00bboff\u00bb button_one_border_color__hover_enabled=\u00bbon\u00bb button_one_border_color__hover=\u00bb#ffffff\u00bb button_two_border_color__hover_enabled=\u00bbon\u00bb button_two_border_color__hover=\u00bb#ffffff\u00bb button_one_border_radius__hover_enabled=\u00bbon\u00bb button_one_border_radius__hover=\u00bb0&#8243; button_two_border_radius__hover_enabled=\u00bbon\u00bb button_two_border_radius__hover=\u00bb0&#8243; button_one_letter_spacing__hover_enabled=\u00bbon\u00bb button_one_letter_spacing__hover=\u00bb2&#8243; button_two_letter_spacing__hover_enabled=\u00bbon\u00bb button_two_letter_spacing__hover=\u00bb2&#8243; button_one_bg_color__hover_enabled=\u00bbon\u00bb button_one_bg_color__hover=\u00bb#ffffff\u00bb button_two_bg_color__hover_enabled=\u00bbon\u00bb button_two_bg_color__hover=\u00bb#ffffff\u00bb]<\/p>\n<h3 style=\"text-align: center;\"><strong>h\u00e1bitos saludables<\/strong><\/h3>\n<p>[\/et_pb_fullwidth_header][\/et_pb_section][et_pb_section fb_built=\u00bb1&#8243; _builder_version=\u00bb4.7.7&#8243; _module_preset=\u00bbdefault\u00bb custom_padding=\u00bb28px|||||\u00bb][et_pb_row column_structure=\u00bb1_4,1_4,1_2&#8243; _builder_version=\u00bb4.7.7&#8243; _module_preset=\u00bbdefault\u00bb custom_padding=\u00bb0px|||||\u00bb][et_pb_column type=\u00bb1_4&#8243; _builder_version=\u00bb4.7.7&#8243; _module_preset=\u00bbdefault\u00bb][et_pb_blurb title=\u00bbDURACI\u00d3N\u00bb image=\u00bbhttp:\/\/www.on-salus.com\/wp-content\/uploads\/2021\/04\/reloj-de-pared.png\u00bb _builder_version=\u00bb4.7.7&#8243; _module_preset=\u00bbdefault\u00bb header_font=\u00bb|700||on|||||\u00bb header_text_align=\u00bbcenter\u00bb]<\/p>\n<p style=\"text-align: center;\">4 horas<\/p>\n<p>[\/et_pb_blurb][\/et_pb_column][et_pb_column type=\u00bb1_4&#8243; _builder_version=\u00bb4.7.7&#8243; _module_preset=\u00bbdefault\u00bb][et_pb_blurb title=\u00bbDESTINATARIOS\u00bb image=\u00bbhttp:\/\/www.on-salus.com\/wp-content\/uploads\/2021\/04\/grupo.png\u00bb _builder_version=\u00bb4.7.7&#8243; _module_preset=\u00bbdefault\u00bb header_font=\u00bb|700|||||||\u00bb header_text_align=\u00bbcenter\u00bb]<\/p>\n<p style=\"text-align: center;\">Todo el personal<\/p>\n<p>[\/et_pb_blurb][\/et_pb_column][et_pb_column type=\u00bb1_2&#8243; _builder_version=\u00bb4.7.7&#8243; _module_preset=\u00bbdefault\u00bb][et_pb_blurb title=\u00bbOBJETIVOS DEL CURSO\u00bb image=\u00bbhttp:\/\/www.on-salus.com\/wp-content\/uploads\/2021\/04\/indice.png\u00bb _builder_version=\u00bb4.7.7&#8243; _module_preset=\u00bbdefault\u00bb header_font=\u00bb|700|||||||\u00bb header_text_align=\u00bbcenter\u00bb]<\/p>\n<p style=\"text-align: justify;\">El objetivo general de este curso es promover h\u00e1bitos y estilos de vida saludables. Transmitir unos consejos pr\u00e1cticos que contribuyan a un estilo de vida saludable tanto en el \u00e1mbito laboral como en el el personal.<\/p>\n<p>[\/et_pb_blurb][\/et_pb_column][\/et_pb_row][et_pb_row column_structure=\u00bb1_3,1_3,1_3&#8243; _builder_version=\u00bb4.7.7&#8243; _module_preset=\u00bbdefault\u00bb custom_padding=\u00bb0px|||||\u00bb][et_pb_column type=\u00bb1_3&#8243; _builder_version=\u00bb4.7.7&#8243; _module_preset=\u00bbdefault\u00bb][et_pb_image src=\u00bbhttp:\/\/www.on-salus.com\/wp-content\/uploads\/2021\/04\/fotohabitossaludables.jpg\u00bb title_text=\u00bbconceptual\u00bb _builder_version=\u00bb4.7.7&#8243; _module_preset=\u00bbdefault\u00bb][\/et_pb_image][\/et_pb_column][et_pb_column type=\u00bb1_3&#8243; _builder_version=\u00bb4.7.7&#8243; _module_preset=\u00bbdefault\u00bb][et_pb_text _builder_version=\u00bb4.7.7&#8243; _module_preset=\u00bbdefault\u00bb]<\/p>\n<h2><strong>\u00cdNDICE DE CONTENIDOS<\/strong><\/h2>\n<p>[\/et_pb_text][et_pb_text _builder_version=\u00bb4.7.7&#8243; _module_preset=\u00bbdefault\u00bb min_height=\u00bb208px\u00bb custom_margin=\u00bb||54px|||\u00bb]<\/p>\n<p>1. Prevenci\u00f3n de Enfermedades Cardiovasculares<br \/>2.Trastornos Oculares<br \/>3. Embarazo Saludable<br \/>4. Deporte y Salud<br \/>5. Trastornos M\u00fasculo-Esquel\u00e9ticos<br \/>6. Prevenci\u00f3n del Estr\u00e9s<\/p>\n<p>[\/et_pb_text][et_pb_button button_url=\u00bbhttps:\/\/indartek.es\/Onsalus\/Fichas\/HabitosSaludables.pdf\u00bb url_new_window=\u00bbon\u00bb button_text=\u00bbDESCARGAR FICHA\u00bb button_alignment=\u00bbcenter\u00bb _builder_version=\u00bb4.7.7&#8243; _module_preset=\u00bbdefault\u00bb][\/et_pb_button][\/et_pb_column][et_pb_column type=\u00bb1_3&#8243; _builder_version=\u00bb4.7.7&#8243; _module_preset=\u00bbdefault\u00bb][et_pb_text _builder_version=\u00bb4.7.7&#8243; _module_preset=\u00bbdefault\u00bb]<\/p>\n<h2><span style=\"color: #ffffff;\"><strong>\u00cdNDICE DE CONTENIDOS<\/strong><\/span><\/h2>\n<p>[\/et_pb_text][et_pb_text _builder_version=\u00bb4.7.7&#8243; _module_preset=\u00bbdefault\u00bb min_height=\u00bb204px\u00bb custom_margin=\u00bb||46px|||\u00bb custom_padding=\u00bb11px|||||\u00bb]<\/p>\n<p>7. Recomendaciones para Evitar el Alcohol y las Drogas.<br \/> 8. Recomendaciones para Evitar Accidentes de Tr\u00e1fico.<br \/> 9. Problemas Venosos.<br \/>10. Prevenci\u00f3n del C\u00e1ncer.<br \/>11. Autoexploraci\u00f3n mamaria.<br \/>12. Enfermedades respiratorias.<br \/>13. Alimentaci\u00f3n saludable.<\/p>\n<p>[\/et_pb_text][et_pb_button button_text=\u00bbVER DEMO CURSO\u00bb button_alignment=\u00bbcenter\u00bb _builder_version=\u00bb4.7.7&#8243; _module_preset=\u00bbdefault\u00bb hover_enabled=\u00bb0&#8243; button_url=\u00bbhttps:\/\/indartek.es\/Onsalus\/habitossaludables\/prevencioncancer\/\u00bb url_new_window=\u00bbon\u00bb sticky_enabled=\u00bb0&#8243;][\/et_pb_button][\/et_pb_column][\/et_pb_row][et_pb_row _builder_version=\u00bb4.7.7&#8243; _module_preset=\u00bbdefault\u00bb][et_pb_column type=\u00bb4_4&#8243; _builder_version=\u00bb4.7.7&#8243; _module_preset=\u00bbdefault\u00bb][et_pb_image src=\u00bbhttp:\/\/www.on-salus.com\/wp-content\/uploads\/2021\/04\/menuonline-1.jpg\u00bb title_text=\u00bbmenuonline\u00bb url=\u00bbhttp:\/\/www.on-salus.com\/?page_id=11&#8243; _builder_version=\u00bb4.7.7&#8243; _module_preset=\u00bbdefault\u00bb][\/et_pb_image][\/et_pb_column][\/et_pb_row][\/et_pb_section]<\/p>\n","protected":false},"excerpt":{"rendered":"<p>h\u00e1bitos saludables4 horasTodo el personalEl objetivo general de este curso es promover h\u00e1bitos y estilos de vida saludables. Transmitir unos consejos pr\u00e1cticos que contribuyan a un estilo de vida saludable tanto en el \u00e1mbito laboral como en el el personal.\u00cdNDICE DE CONTENIDOS1. Prevenci\u00f3n de Enfermedades Cardiovasculares2.Trastornos Oculares3. Embarazo Saludable4. Deporte y Salud5. Trastornos M\u00fasculo-Esquel\u00e9ticos6. Prevenci\u00f3n [&hellip;]<\/p>\n","protected":false},"author":1,"featured_media":0,"parent":0,"menu_order":0,"comment_status":"closed","ping_status":"closed","template":"","meta":{"_et_pb_use_builder":"on","_et_pb_old_content":"<!-- wp:divi\/placeholder \/-->","_et_gb_content_width":""},"_links":{"self":[{"href":"https:\/\/www.on-salus.com\/index.php?rest_route=\/wp\/v2\/pages\/1005"}],"collection":[{"href":"https:\/\/www.on-salus.com\/index.php?rest_route=\/wp\/v2\/pages"}],"about":[{"href":"https:\/\/www.on-salus.com\/index.php?rest_route=\/wp\/v2\/types\/page"}],"author":[{"embeddable":true,"href":"https:\/\/www.on-salus.com\/index.php?rest_route=\/wp\/v2\/users\/1"}],"replies":[{"embeddable":true,"href":"https:\/\/www.on-salus.com\/index.php?rest_route=%2Fwp%2Fv2%2Fcomments&post=1005"}],"version-history":[{"count":9,"href":"https:\/\/www.on-salus.com\/index.php?rest_route=\/wp\/v2\/pages\/1005\/revisions"}],"predecessor-version":[{"id":1216,"href":"https:\/\/www.on-salus.com\/index.php?rest_route=\/wp\/v2\/pages\/1005\/revisions\/1216"}],"wp:attachment":[{"href":"https:\/\/www.on-salus.com\/index.php?rest_route=%2Fwp%2Fv2%2Fmedia&parent=1005"}],"curies":[{"name":"wp","href":"https:\/\/api.w.org\/{rel}","templated":true}]}}