{"id":11,"date":"2021-02-24T22:12:15","date_gmt":"2021-02-24T22:12:15","guid":{"rendered":"http:\/\/www.on-salus.com\/?page_id=11"},"modified":"2021-10-01T08:54:52","modified_gmt":"2021-10-01T08:54:52","slug":"cursos-online","status":"publish","type":"page","link":"https:\/\/www.on-salus.com\/?page_id=11","title":{"rendered":"Cursos Online"},"content":{"rendered":"<p>[et_pb_section fb_built=\u00bb1&#8243; fullwidth=\u00bbon\u00bb admin_label=\u00bbPage Header\u00bb _builder_version=\u00bb4.7.7&#8243; background_image=\u00bbhttp:\/\/www.on-salus.com\/wp-content\/uploads\/2021\/04\/icocnoonline.jpg\u00bb parallax=\u00bbon\u00bb custom_padding=\u00bb||0px|||\u00bb][et_pb_fullwidth_header title=\u00bbFORMACI\u00d3N\u00bb text_orientation=\u00bbcenter\u00bb admin_label=\u00bbHero Section\u00bb _builder_version=\u00bb4.7.7&#8243; title_font=\u00bbMontserrat|on|||\u00bb title_font_size=\u00bb48px\u00bb title_line_height=\u00bb1.4em\u00bb content_font_size=\u00bb18px\u00bb content_line_height=\u00bb1.8em\u00bb subhead_font=\u00bb||||\u00bb background_color=\u00bbrgba(255, 255, 255, 0)\u00bb use_background_color_gradient=\u00bbon\u00bb background_color_gradient_start=\u00bbrgba(0,109,167,0.74)\u00bb background_color_gradient_end=\u00bbrgba(255,255,255,0.24)\u00bb custom_button_one=\u00bbon\u00bb button_one_text_size=\u00bb16px\u00bb button_one_bg_color=\u00bb#6eba01&#8243; button_one_border_width=\u00bb2px\u00bb button_one_border_color=\u00bb#6eba01&#8243; button_one_border_radius=\u00bb0&#8243; button_one_letter_spacing=\u00bb2&#8243; button_one_font=\u00bbMontserrat|||on|\u00bb button_one_use_icon=\u00bboff\u00bb custom_button_two=\u00bbon\u00bb button_two_text_size=\u00bb16px\u00bb button_two_border_width=\u00bb2px\u00bb button_two_border_color=\u00bb#ffffff\u00bb button_two_border_radius=\u00bb0&#8243; button_two_letter_spacing=\u00bb2&#8243; button_two_font=\u00bbMontserrat|||on|\u00bb button_two_use_icon=\u00bboff\u00bb module_alignment=\u00bbleft\u00bb min_height=\u00bb165px\u00bb custom_margin=\u00bb||-3px|||\u00bb custom_padding=\u00bb0px||0px|||\u00bb animation_style=\u00bbfade\u00bb title_text_shadow_style=\u00bbpreset1&#8243; content_text_shadow_style=\u00bbpreset1&#8243; button_one_text_color_hover=\u00bb#6eba01&#8243; button_two_text_color_hover=\u00bb#6eba01&#8243; button_one_border_color_hover=\u00bb#ffffff\u00bb button_two_border_color_hover=\u00bb#ffffff\u00bb button_one_border_radius_hover=\u00bb0&#8243; button_two_border_radius_hover=\u00bb0&#8243; button_one_letter_spacing_hover=\u00bb2&#8243; button_two_letter_spacing_hover=\u00bb2&#8243; button_one_bg_color_hover=\u00bb#ffffff\u00bb button_two_bg_color_hover=\u00bb#ffffff\u00bb button_one_text_size__hover_enabled=\u00bboff\u00bb button_two_text_size__hover_enabled=\u00bboff\u00bb button_one_text_color__hover_enabled=\u00bbon\u00bb button_one_text_color__hover=\u00bb#6eba01&#8243; button_two_text_color__hover_enabled=\u00bbon\u00bb button_two_text_color__hover=\u00bb#6eba01&#8243; button_one_border_width__hover_enabled=\u00bboff\u00bb button_two_border_width__hover_enabled=\u00bboff\u00bb button_one_border_color__hover_enabled=\u00bbon\u00bb button_one_border_color__hover=\u00bb#ffffff\u00bb button_two_border_color__hover_enabled=\u00bbon\u00bb button_two_border_color__hover=\u00bb#ffffff\u00bb button_one_border_radius__hover_enabled=\u00bbon\u00bb button_one_border_radius__hover=\u00bb0&#8243; button_two_border_radius__hover_enabled=\u00bbon\u00bb button_two_border_radius__hover=\u00bb0&#8243; button_one_letter_spacing__hover_enabled=\u00bbon\u00bb button_one_letter_spacing__hover=\u00bb2&#8243; button_two_letter_spacing__hover_enabled=\u00bbon\u00bb button_two_letter_spacing__hover=\u00bb2&#8243; button_one_bg_color__hover_enabled=\u00bbon\u00bb button_one_bg_color__hover=\u00bb#ffffff\u00bb button_two_bg_color__hover_enabled=\u00bbon\u00bb button_two_bg_color__hover=\u00bb#ffffff\u00bb]<\/p>\n<h3><strong>CURSOS ONLINE<\/strong><\/h3>\n<p>[\/et_pb_fullwidth_header][\/et_pb_section][et_pb_section fb_built=\u00bb1&#8243; admin_label=\u00bbProjects\u00bb _builder_version=\u00bb3.22&#8243; custom_padding=\u00bb0px||90px|||\u00bb][et_pb_row _builder_version=\u00bb3.25&#8243; background_size=\u00bbinitial\u00bb background_position=\u00bbtop_left\u00bb background_repeat=\u00bbrepeat\u00bb custom_padding=\u00bb9px|0px|7px|0px||\u00bb custom_width_px=\u00bb710px\u00bb][et_pb_column type=\u00bb4_4&#8243; _builder_version=\u00bb3.25&#8243; background_position=\u00bbtop_left\u00bb custom_padding=\u00bb|||\u00bb custom_padding__hover=\u00bb|||\u00bb][et_pb_text admin_label=\u00bbProjects Section Subtitle\u00bb _builder_version=\u00bb4.7.7&#8243; text_font_size=\u00bb16px\u00bb text_line_height=\u00bb1.9em\u00bb background_size=\u00bbinitial\u00bb background_position=\u00bbtop_left\u00bb background_repeat=\u00bbrepeat\u00bb text_orientation=\u00bbcenter\u00bb max_width=\u00bb710px\u00bb module_alignment=\u00bbcenter\u00bb custom_margin=\u00bb22px|||||\u00bb animation_style=\u00bbfold\u00bb animation_direction=\u00bbbottom\u00bb animation_intensity_fold=\u00bb20%\u00bb]<\/p>\n<p>A continuaci\u00f3n dejamos el listado de programas y cursos. Pulsa en cada uno de ellos para conocerlos en profundidad<\/p>\n<p>[\/et_pb_text][\/et_pb_column][\/et_pb_row][et_pb_row column_structure=\u00bb1_3,1_3,1_3&#8243; _builder_version=\u00bb3.25&#8243; background_size=\u00bbinitial\u00bb background_position=\u00bbtop_left\u00bb background_repeat=\u00bbrepeat\u00bb custom_padding=\u00bb45px|||\u00bb locked=\u00bboff\u00bb][et_pb_column type=\u00bb1_3&#8243; _builder_version=\u00bb4.7.7&#8243; _module_preset=\u00bbdefault\u00bb][et_pb_blurb title=\u00bbBIENESTAR EMOCIONAL\u00bb url=\u00bbhttp:\/\/www.on-salus.com\/?page_id=189&#8243; image=\u00bbhttp:\/\/www.on-salus.com\/wp-content\/uploads\/2021\/02\/bienestaremocional.png\u00bb admin_label=\u00bbProject\u00bb _builder_version=\u00bb4.7.7&#8243; header_font=\u00bbMontserrat|700|||||||\u00bb header_text_align=\u00bbcenter\u00bb header_font_size=\u00bb18px\u00bb header_line_height=\u00bb1.3em\u00bb body_line_height=\u00bb1.8em\u00bb background_size=\u00bbinitial\u00bb background_position=\u00bbtop_left\u00bb background_repeat=\u00bbrepeat\u00bb animation_style=\u00bbfold\u00bb animation_direction=\u00bbbottom\u00bb animation_delay=\u00bb100ms\u00bb animation_intensity_fold=\u00bb10%\u00bb link_option_url=\u00bbhttp:\/\/www.on-salus.com\/?page_id=189&#8243; locked=\u00bboff\u00bb]<\/p>\n<p style=\"text-align: justify;\"><strong>Tener bienestar emocional puede parecer, a priori, algo sencillo, pero no lo es.<span>\u00a0<\/span><\/strong><span>Debemos trabajar en nuestras emociones para sentirnos bien y <\/span><span>los vaivenes de la vida y tengamos la flexibilidad necesaria para aprender cosas nuevas. En definitiva, para poder llevar un\u00a0<\/span><strong>estilo de vida saludable<\/strong><span>.<\/span><\/p>\n<p>[\/et_pb_blurb][\/et_pb_column][et_pb_column type=\u00bb1_3&#8243; _builder_version=\u00bb3.25&#8243; custom_padding=\u00bb|||\u00bb custom_padding__hover=\u00bb|||\u00bb][et_pb_blurb title=\u00bbTELETRABAJO SALUDABLE Y SIN RIESGOS\u00bb url=\u00bbhttp:\/\/www.on-salus.com\/?page_id=1011&#8243; image=\u00bbhttp:\/\/www.on-salus.com\/wp-content\/uploads\/2021\/04\/teletrabajo.jpg\u00bb admin_label=\u00bbProject\u00bb _builder_version=\u00bb4.7.7&#8243; header_font=\u00bbMontserrat|700|||||||\u00bb header_text_align=\u00bbcenter\u00bb header_font_size=\u00bb18px\u00bb header_line_height=\u00bb1.3em\u00bb body_line_height=\u00bb1.8em\u00bb background_size=\u00bbinitial\u00bb background_position=\u00bbtop_left\u00bb background_repeat=\u00bbrepeat\u00bb animation_style=\u00bbfold\u00bb animation_direction=\u00bbbottom\u00bb animation_intensity_fold=\u00bb10%\u00bb link_option_url=\u00bbhttp:\/\/www.on-salus.com\/?page_id=1011&#8243;]<\/p>\n<p style=\"text-align: justify;\">Muchas organizaciones ha descurbierto el Teletrabajo a raiz de la COVID-19. Hay que dotar a los trabajadores de herramientas para que trabajen desde su casa con seguridad y respetando la vida familiar.<\/p>\n<p>[\/et_pb_blurb][\/et_pb_column][et_pb_column type=\u00bb1_3&#8243; _builder_version=\u00bb3.25&#8243; custom_padding=\u00bb|||\u00bb custom_padding__hover=\u00bb|||\u00bb][et_pb_blurb title=\u00bbERGONOMIA APLICADA\u00bb url=\u00bbhttp:\/\/www.on-salus.com\/?page_id=998&#8243; image=\u00bbhttp:\/\/www.on-salus.com\/wp-content\/uploads\/2021\/04\/pantallas.jpg\u00bb admin_label=\u00bbProject\u00bb _builder_version=\u00bb4.7.7&#8243; header_font=\u00bbMontserrat|700|||||||\u00bb header_text_align=\u00bbcenter\u00bb header_font_size=\u00bb18px\u00bb header_line_height=\u00bb1.3em\u00bb body_line_height=\u00bb1.8em\u00bb background_size=\u00bbinitial\u00bb background_position=\u00bbtop_left\u00bb background_repeat=\u00bbrepeat\u00bb animation_style=\u00bbfold\u00bb animation_direction=\u00bbbottom\u00bb animation_delay=\u00bb100ms\u00bb animation_intensity_fold=\u00bb10%\u00bb link_option_url=\u00bbhttp:\/\/www.on-salus.com\/?page_id=998&#8243; locked=\u00bboff\u00bb]<\/p>\n<p style=\"text-align: justify;\">Trabajar con Pantallas de Visualizaci\u00f3n de Datos, entra\u00f1an una serie de peligro que si le descuidamos pueden ocasionar problemas de transtornos m\u00fasculo esquel\u00e9ticos. Veamos como podemos evitarlos con una serie de ejercicios.<\/p>\n<p>[\/et_pb_blurb][\/et_pb_column][\/et_pb_row][et_pb_row column_structure=\u00bb1_3,1_3,1_3&#8243; _builder_version=\u00bb4.7.7&#8243; background_size=\u00bbinitial\u00bb background_position=\u00bbtop_left\u00bb background_repeat=\u00bbrepeat\u00bb custom_padding=\u00bb45px|||\u00bb locked=\u00bboff\u00bb][et_pb_column type=\u00bb1_3&#8243; _builder_version=\u00bb4.7.7&#8243; _module_preset=\u00bbdefault\u00bb][et_pb_blurb title=\u00bbEMERGENCIAS Y PRIMEROS AUXILIOS\u00bb url=\u00bbhttp:\/\/www.on-salus.com\/?page_id=1001&#8243; image=\u00bbhttp:\/\/www.on-salus.com\/wp-content\/uploads\/2021\/04\/primerosauxilios.jpg\u00bb admin_label=\u00bbProject\u00bb _builder_version=\u00bb4.7.7&#8243; header_font=\u00bbMontserrat|700|||||||\u00bb header_text_align=\u00bbcenter\u00bb header_font_size=\u00bb18px\u00bb header_line_height=\u00bb1.3em\u00bb body_line_height=\u00bb1.8em\u00bb background_size=\u00bbinitial\u00bb background_position=\u00bbtop_left\u00bb background_repeat=\u00bbrepeat\u00bb animation_style=\u00bbfold\u00bb animation_direction=\u00bbbottom\u00bb animation_delay=\u00bb100ms\u00bb animation_intensity_fold=\u00bb10%\u00bb link_option_url=\u00bbhttp:\/\/www.on-salus.com\/?page_id=1001&#8243; locked=\u00bboff\u00bb]<\/p>\n<p style=\"text-align: justify;\">\u00bfQu\u00e9 imagen se llevar\u00e1 un cliente o colaborador si ante una situaci\u00f3n de emergencia le han atendido siguiendo las pautas marcadas en los Primeros Auxilios? . Conoceremos c\u00f3mo actuar con total seguridad ante cada situaci\u00f3n de emergencia que se presente.<\/p>\n<p>[\/et_pb_blurb][\/et_pb_column][et_pb_column type=\u00bb1_3&#8243; _builder_version=\u00bb3.25&#8243; custom_padding=\u00bb|||\u00bb custom_padding__hover=\u00bb|||\u00bb][et_pb_blurb title=\u00bbH\u00c1BITOS SALUDABLES EN LA CONDUCCI\u00d3N\u00bb url=\u00bbhttp:\/\/www.on-salus.com\/?page_id=1003&#8243; image=\u00bbhttp:\/\/www.on-salus.com\/wp-content\/uploads\/2021\/04\/seguridadvial.jpg\u00bb admin_label=\u00bbProject\u00bb _builder_version=\u00bb4.7.7&#8243; header_font=\u00bbMontserrat|700|||||||\u00bb header_text_align=\u00bbcenter\u00bb header_font_size=\u00bb18px\u00bb header_line_height=\u00bb1.3em\u00bb body_line_height=\u00bb1.8em\u00bb background_size=\u00bbinitial\u00bb background_position=\u00bbtop_left\u00bb background_repeat=\u00bbrepeat\u00bb animation_style=\u00bbfold\u00bb animation_direction=\u00bbbottom\u00bb animation_intensity_fold=\u00bb10%\u00bb link_option_url=\u00bbhttp:\/\/www.on-salus.com\/?page_id=1003&#8243;]<\/p>\n<p style=\"text-align: justify;\">Tener unos buenos h\u00e1bitos al volante adem\u00e1s de salvar v\u00eddas puede ayudarnos a prevenir problemas de espalda y cuello.<\/p>\n<p>[\/et_pb_blurb][\/et_pb_column][et_pb_column type=\u00bb1_3&#8243; _builder_version=\u00bb3.25&#8243; custom_padding=\u00bb|||\u00bb custom_padding__hover=\u00bb|||\u00bb][et_pb_blurb title=\u00bbH\u00c1BITOS PARA UNA VIDA SALUDABLE\u00bb url=\u00bbhttp:\/\/www.on-salus.com\/?page_id=1005&#8243; image=\u00bbhttp:\/\/www.on-salus.com\/wp-content\/uploads\/2021\/02\/videossaludables.png\u00bb admin_label=\u00bbProject\u00bb _builder_version=\u00bb4.7.7&#8243; header_font=\u00bbMontserrat|700|||||||\u00bb header_text_align=\u00bbcenter\u00bb header_font_size=\u00bb18px\u00bb header_line_height=\u00bb1.3em\u00bb body_line_height=\u00bb1.8em\u00bb background_size=\u00bbinitial\u00bb background_position=\u00bbtop_left\u00bb background_repeat=\u00bbrepeat\u00bb animation_style=\u00bbfold\u00bb animation_direction=\u00bbbottom\u00bb animation_delay=\u00bb100ms\u00bb animation_intensity_fold=\u00bb10%\u00bb link_option_url=\u00bbhttp:\/\/www.on-salus.com\/?page_id=1005&#8243; locked=\u00bboff\u00bb]<\/p>\n<p style=\"text-align: justify;\">Tener unos h\u00e1bitos saludables nos aporta bienestar, energia, felicidad y contribuye a que tengamos un envejecimiento saludable.<\/p>\n<p>[\/et_pb_blurb][\/et_pb_column][\/et_pb_row][et_pb_row _builder_version=\u00bb4.7.7&#8243; _module_preset=\u00bbdefault\u00bb][et_pb_column type=\u00bb4_4&#8243; _builder_version=\u00bb4.7.7&#8243; _module_preset=\u00bbdefault\u00bb][et_pb_image src=\u00bbhttp:\/\/www.on-salus.com\/wp-content\/uploads\/2021\/04\/MenueFormacion-1.jpg\u00bb title_text=\u00bbMenueFormacion\u00bb url=\u00bbhttp:\/\/www.on-salus.com\/?page_id=295&#8243; _builder_version=\u00bb4.7.7&#8243; _module_preset=\u00bbdefault\u00bb][\/et_pb_image][\/et_pb_column][\/et_pb_row][\/et_pb_section]<\/p>\n","protected":false},"excerpt":{"rendered":"<p>CURSOS ONLINEA continuaci\u00f3n dejamos el listado de programas y cursos. Pulsa en cada uno de ellos para conocerlos en profundidadTener bienestar emocional puede parecer, a priori, algo sencillo, pero no lo es.\u00a0Debemos trabajar en nuestras emociones para sentirnos bien y los vaivenes de la vida y tengamos la flexibilidad necesaria para aprender cosas nuevas. En [&hellip;]<\/p>\n","protected":false},"author":1,"featured_media":0,"parent":0,"menu_order":0,"comment_status":"closed","ping_status":"closed","template":"","meta":{"_et_pb_use_builder":"on","_et_pb_old_content":"<!-- wp:divi\/placeholder \/-->","_et_gb_content_width":""},"_links":{"self":[{"href":"https:\/\/www.on-salus.com\/index.php?rest_route=\/wp\/v2\/pages\/11"}],"collection":[{"href":"https:\/\/www.on-salus.com\/index.php?rest_route=\/wp\/v2\/pages"}],"about":[{"href":"https:\/\/www.on-salus.com\/index.php?rest_route=\/wp\/v2\/types\/page"}],"author":[{"embeddable":true,"href":"https:\/\/www.on-salus.com\/index.php?rest_route=\/wp\/v2\/users\/1"}],"replies":[{"embeddable":true,"href":"https:\/\/www.on-salus.com\/index.php?rest_route=%2Fwp%2Fv2%2Fcomments&post=11"}],"version-history":[{"count":39,"href":"https:\/\/www.on-salus.com\/index.php?rest_route=\/wp\/v2\/pages\/11\/revisions"}],"predecessor-version":[{"id":1376,"href":"https:\/\/www.on-salus.com\/index.php?rest_route=\/wp\/v2\/pages\/11\/revisions\/1376"}],"wp:attachment":[{"href":"https:\/\/www.on-salus.com\/index.php?rest_route=%2Fwp%2Fv2%2Fmedia&parent=11"}],"curies":[{"name":"wp","href":"https:\/\/api.w.org\/{rel}","templated":true}]}}