{"id":1127,"date":"2021-04-07T17:39:51","date_gmt":"2021-04-07T17:39:51","guid":{"rendered":"http:\/\/www.on-salus.com\/?page_id=1127"},"modified":"2021-10-01T10:56:20","modified_gmt":"2021-10-01T10:56:20","slug":"pe","status":"publish","type":"page","link":"https:\/\/www.on-salus.com\/?page_id=1127","title":{"rendered":"PE"},"content":{"rendered":"<p>[et_pb_section fb_built=\u00bb1&#8243; fullwidth=\u00bbon\u00bb admin_label=\u00bbPage Header\u00bb _builder_version=\u00bb4.7.7&#8243; background_image=\u00bbhttp:\/\/www.on-salus.com\/wp-content\/uploads\/2021\/02\/bannerprevencionestres.png\u00bb parallax=\u00bbon\u00bb][et_pb_fullwidth_header title=\u00bbPREVENCI\u00d3N Y GESTI\u00d3N DEL ESTR\u00c9S\u00bb text_orientation=\u00bbcenter\u00bb background_overlay_color=\u00bbrgba(0,0,0,0)\u00bb admin_label=\u00bbHero Section\u00bb _builder_version=\u00bb4.7.7&#8243; title_font=\u00bbMontserrat|on|||\u00bb title_font_size=\u00bb45px\u00bb title_line_height=\u00bb1.4em\u00bb content_font=\u00bb|700|||||||\u00bb content_font_size=\u00bb16px\u00bb content_line_height=\u00bb1.8em\u00bb subhead_font=\u00bb||||\u00bb background_color=\u00bbrgba(255, 255, 255, 0)\u00bb use_background_color_gradient=\u00bbon\u00bb background_color_gradient_start=\u00bbrgba(0,109,167,0.45)\u00bb background_color_gradient_end=\u00bbrgba(255,255,255,0.26)\u00bb custom_button_one=\u00bbon\u00bb button_one_text_size=\u00bb16px\u00bb button_one_bg_color=\u00bb#6eba01&#8243; button_one_border_width=\u00bb2px\u00bb button_one_border_color=\u00bb#6eba01&#8243; button_one_border_radius=\u00bb0&#8243; button_one_letter_spacing=\u00bb2&#8243; button_one_font=\u00bbMontserrat|||on|\u00bb button_one_use_icon=\u00bboff\u00bb custom_button_two=\u00bbon\u00bb button_two_text_size=\u00bb16px\u00bb button_two_border_width=\u00bb2px\u00bb button_two_border_color=\u00bb#ffffff\u00bb button_two_border_radius=\u00bb0&#8243; button_two_letter_spacing=\u00bb2&#8243; button_two_font=\u00bbMontserrat|||on|\u00bb button_two_use_icon=\u00bboff\u00bb module_alignment=\u00bbleft\u00bb height=\u00bb200px\u00bb custom_padding=\u00bb3px|||||\u00bb animation_style=\u00bbfade\u00bb text_shadow_style=\u00bbpreset1&#8243; button_one_text_color_hover=\u00bb#6eba01&#8243; button_two_text_color_hover=\u00bb#6eba01&#8243; button_one_border_color_hover=\u00bb#ffffff\u00bb button_two_border_color_hover=\u00bb#ffffff\u00bb button_one_border_radius_hover=\u00bb0&#8243; button_two_border_radius_hover=\u00bb0&#8243; button_one_letter_spacing_hover=\u00bb2&#8243; button_two_letter_spacing_hover=\u00bb2&#8243; button_one_bg_color_hover=\u00bb#ffffff\u00bb button_two_bg_color_hover=\u00bb#ffffff\u00bb button_one_text_size__hover_enabled=\u00bboff\u00bb button_two_text_size__hover_enabled=\u00bboff\u00bb button_one_text_color__hover_enabled=\u00bbon\u00bb button_one_text_color__hover=\u00bb#6eba01&#8243; button_two_text_color__hover_enabled=\u00bbon\u00bb button_two_text_color__hover=\u00bb#6eba01&#8243; button_one_border_width__hover_enabled=\u00bboff\u00bb button_two_border_width__hover_enabled=\u00bboff\u00bb button_one_border_color__hover_enabled=\u00bbon\u00bb button_one_border_color__hover=\u00bb#ffffff\u00bb button_two_border_color__hover_enabled=\u00bbon\u00bb button_two_border_color__hover=\u00bb#ffffff\u00bb button_one_border_radius__hover_enabled=\u00bbon\u00bb button_one_border_radius__hover=\u00bb0&#8243; button_two_border_radius__hover_enabled=\u00bbon\u00bb button_two_border_radius__hover=\u00bb0&#8243; button_one_letter_spacing__hover_enabled=\u00bbon\u00bb button_one_letter_spacing__hover=\u00bb2&#8243; button_two_letter_spacing__hover_enabled=\u00bbon\u00bb button_two_letter_spacing__hover=\u00bb2&#8243; button_one_bg_color__hover_enabled=\u00bbon\u00bb button_one_bg_color__hover=\u00bb#ffffff\u00bb button_two_bg_color__hover_enabled=\u00bbon\u00bb button_two_bg_color__hover=\u00bb#ffffff\u00bb][\/et_pb_fullwidth_header][\/et_pb_section][et_pb_section fb_built=\u00bb1&#8243; _builder_version=\u00bb4.7.7&#8243; _module_preset=\u00bbdefault\u00bb custom_padding=\u00bb4px|||||\u00bb][et_pb_row column_structure=\u00bb1_4,1_4,1_2&#8243; _builder_version=\u00bb4.7.7&#8243; _module_preset=\u00bbdefault\u00bb][et_pb_column type=\u00bb1_4&#8243; _builder_version=\u00bb4.7.7&#8243; _module_preset=\u00bbdefault\u00bb][et_pb_blurb title=\u00bbDURACI\u00d3N\u00bb image=\u00bbhttp:\/\/www.on-salus.com\/wp-content\/uploads\/2021\/04\/reloj-de-pared.png\u00bb _builder_version=\u00bb4.7.7&#8243; _module_preset=\u00bbdefault\u00bb header_font=\u00bb|700|||||||\u00bb header_text_align=\u00bbcenter\u00bb header_font_size=\u00bb18px\u00bb]<\/p>\n<p style=\"text-align: center;\">4 horas<\/p>\n<p>[\/et_pb_blurb][\/et_pb_column][et_pb_column type=\u00bb1_4&#8243; _builder_version=\u00bb4.7.7&#8243; _module_preset=\u00bbdefault\u00bb][et_pb_blurb title=\u00bbDESTINATARIOS\u00bb image=\u00bbhttp:\/\/www.on-salus.com\/wp-content\/uploads\/2021\/04\/grupo.png\u00bb _builder_version=\u00bb4.7.7&#8243; _module_preset=\u00bbdefault\u00bb header_font=\u00bb|700|||||||\u00bb header_text_align=\u00bbcenter\u00bb]<\/p>\n<p style=\"text-align: center;\">Todo el personal<\/p>\n<p>[\/et_pb_blurb][\/et_pb_column][et_pb_column type=\u00bb1_2&#8243; _builder_version=\u00bb4.7.7&#8243; _module_preset=\u00bbdefault\u00bb][et_pb_blurb title=\u00bbOBJETIVOS DEL CURSO\u00bb image=\u00bbhttp:\/\/www.on-salus.com\/wp-content\/uploads\/2021\/04\/indice.png\u00bb _builder_version=\u00bb4.7.7&#8243; _module_preset=\u00bbdefault\u00bb header_font=\u00bb|700|||||||\u00bb header_text_align=\u00bbcenter\u00bb]<\/p>\n<p style=\"text-align: center;\">Aprender a prevenir el estr\u00e9s<\/p>\n<p>[\/et_pb_blurb][\/et_pb_column][\/et_pb_row][et_pb_row column_structure=\u00bb1_3,1_3,1_3&#8243; _builder_version=\u00bb4.7.7&#8243; _module_preset=\u00bbdefault\u00bb][et_pb_column type=\u00bb1_3&#8243; _builder_version=\u00bb4.7.7&#8243; _module_preset=\u00bbdefault\u00bb][et_pb_image src=\u00bbhttp:\/\/www.on-salus.com\/wp-content\/uploads\/2021\/04\/fotope.jpg\u00bb title_text=\u00bbconceptual\u00bb _builder_version=\u00bb4.7.7&#8243; _module_preset=\u00bbdefault\u00bb][\/et_pb_image][\/et_pb_column][et_pb_column type=\u00bb1_3&#8243; _builder_version=\u00bb4.7.7&#8243; _module_preset=\u00bbdefault\u00bb][et_pb_text _builder_version=\u00bb4.7.7&#8243; _module_preset=\u00bbdefault\u00bb text_font=\u00bb|700|||||||\u00bb text_font_size=\u00bb18px\u00bb]<\/p>\n<h2><strong>\u00cdNDICE DE CONTENIDOS<\/strong><\/h2>\n<p>[\/et_pb_text][et_pb_text _builder_version=\u00bb4.7.7&#8243; _module_preset=\u00bbdefault\u00bb custom_padding=\u00bb||4px|||\u00bb]<\/p>\n<p><strong>QU\u00c9 ES EL ESTR\u00c9S. ASPECTOS PERSONALES Y PSICOSOCIALES<\/strong><\/p>\n<ol>\n<li>Definiciones y paradigmas sobre el estr\u00e9s. Estr\u00e9s positivo y negativo<\/li>\n<li>Indicadores personales de estr\u00e9s<\/li>\n<li>Provocadores de estr\u00e9s: personales, laborales, sociales y pol\u00edticos<\/li>\n<\/ol>\n<p><strong>EL ESTR\u00c9S COMO PROBLEMA LABORAL Y PSICOSOCIAL<\/strong><\/p>\n<ol>\n<li>El estr\u00e9s como problema: alteraciones personales y laborales<\/li>\n<li>Fuentes de estr\u00e9s personales: actitudes personales, estilo de vida y estr\u00e9s<\/li>\n<li>Los estilos de comunicaci\u00f3n interpersonales y origen del estr\u00e9s<\/li>\n<li>Las emociones y el estr\u00e9s: competencias de la Inteligencia Emocional y generaci\u00f3n de estr\u00e9s<\/li>\n<\/ol>\n<p>[\/et_pb_text][\/et_pb_column][et_pb_column type=\u00bb1_3&#8243; _builder_version=\u00bb4.7.7&#8243; _module_preset=\u00bbdefault\u00bb][et_pb_text _builder_version=\u00bb4.7.7&#8243; _module_preset=\u00bbdefault\u00bb]<\/p>\n<h2><span style=\"color: #ffffff;\"><strong>\u00cdNDICE DE CONTENIDOS<\/strong><\/span><\/h2>\n<p>[\/et_pb_text][et_pb_text _builder_version=\u00bb4.7.7&#8243; _module_preset=\u00bbdefault\u00bb custom_margin=\u00bb||-37px|||\u00bb custom_padding=\u00bb||32px|||\u00bb]<\/p>\n<p><strong>ESTRATEGIAS DE GESTI\u00d3N DEL ESTR\u00c9S<\/strong><\/p>\n<ol>\n<li>Principios de gesti\u00f3n del estr\u00e9s<\/li>\n<li>C\u00f3mo anticiparse positivamente a las situaciones estresantes<\/li>\n<li>Gesti\u00f3n del estr\u00e9s desde la perspectiva de la prevenci\u00f3n de riesgos laborales<\/li>\n<li>Creadores de estr\u00e9s personales. Los di\u00e1logos internos como factor clave<\/li>\n<\/ol>\n<p><strong>T\u00c9CNICAS Y RECURSOS PARA LA GESTI\u00d3N DEL ESTR\u00c9S<\/strong><\/p>\n<ol>\n<li>Proceso b\u00e1sico: anticipar, vigilar y descargar<\/li>\n<li>Anticipar situaciones estresantes: di\u00e1logos internos y fantas\u00edas negativas<\/li>\n<li>Vigilar situaciones estresantes<\/li>\n<li>Reducci\u00f3n de la tensi\u00f3n a lo largo del d\u00eda<\/li>\n<li>Creaci\u00f3n de tolerancia frente al estr\u00e9s<\/li>\n<li>Desarrollo de un plan de acci\u00f3n<\/li>\n<\/ol>\n<p>[\/et_pb_text][\/et_pb_column][\/et_pb_row][et_pb_row _builder_version=\u00bb4.7.7&#8243; _module_preset=\u00bbdefault\u00bb min_height=\u00bb342px\u00bb custom_padding=\u00bb4px|||||\u00bb][et_pb_column type=\u00bb4_4&#8243; _builder_version=\u00bb4.7.7&#8243; _module_preset=\u00bbdefault\u00bb][et_pb_image src=\u00bbhttps:\/\/www.on-salus.com\/wp-content\/uploads\/2021\/10\/VOLVER.png\u00bb title_text=\u00bbVOLVER\u00bb url=\u00bbhttp:\/\/www.on-salus.com\/?page_id=189&#8243; _builder_version=\u00bb4.9.4&#8243; _module_preset=\u00bbdefault\u00bb][\/et_pb_image][\/et_pb_column][\/et_pb_row][\/et_pb_section]<\/p>\n","protected":false},"excerpt":{"rendered":"<p>4 horasTodo el personalAprender a prevenir el estr\u00e9s\u00cdNDICE DE CONTENIDOSQU\u00c9 ES EL ESTR\u00c9S. ASPECTOS PERSONALES Y PSICOSOCIALES Definiciones y paradigmas sobre el estr\u00e9s. Estr\u00e9s positivo y negativo Indicadores personales de estr\u00e9s Provocadores de estr\u00e9s: personales, laborales, sociales y pol\u00edticos EL ESTR\u00c9S COMO PROBLEMA LABORAL Y PSICOSOCIAL El estr\u00e9s como problema: alteraciones personales y laborales Fuentes [&hellip;]<\/p>\n","protected":false},"author":1,"featured_media":0,"parent":0,"menu_order":0,"comment_status":"closed","ping_status":"closed","template":"","meta":{"_et_pb_use_builder":"on","_et_pb_old_content":"<!-- wp:divi\/placeholder \/-->","_et_gb_content_width":""},"_links":{"self":[{"href":"https:\/\/www.on-salus.com\/index.php?rest_route=\/wp\/v2\/pages\/1127"}],"collection":[{"href":"https:\/\/www.on-salus.com\/index.php?rest_route=\/wp\/v2\/pages"}],"about":[{"href":"https:\/\/www.on-salus.com\/index.php?rest_route=\/wp\/v2\/types\/page"}],"author":[{"embeddable":true,"href":"https:\/\/www.on-salus.com\/index.php?rest_route=\/wp\/v2\/users\/1"}],"replies":[{"embeddable":true,"href":"https:\/\/www.on-salus.com\/index.php?rest_route=%2Fwp%2Fv2%2Fcomments&post=1127"}],"version-history":[{"count":13,"href":"https:\/\/www.on-salus.com\/index.php?rest_route=\/wp\/v2\/pages\/1127\/revisions"}],"predecessor-version":[{"id":1392,"href":"https:\/\/www.on-salus.com\/index.php?rest_route=\/wp\/v2\/pages\/1127\/revisions\/1392"}],"wp:attachment":[{"href":"https:\/\/www.on-salus.com\/index.php?rest_route=%2Fwp%2Fv2%2Fmedia&parent=1127"}],"curies":[{"name":"wp","href":"https:\/\/api.w.org\/{rel}","templated":true}]}}