{"id":297,"date":"2021-04-01T20:48:04","date_gmt":"2021-04-01T20:48:04","guid":{"rendered":"http:\/\/www.on-salus.com\/?page_id=297"},"modified":"2021-04-20T10:12:53","modified_gmt":"2021-04-20T10:12:53","slug":"gestion-absentismo-2","status":"publish","type":"page","link":"https:\/\/www.on-salus.com\/?page_id=297","title":{"rendered":"Gesti\u00f3n Absentismo"},"content":{"rendered":"<p>[et_pb_section fb_built=\u00bb1&#8243; fullwidth=\u00bbon\u00bb admin_label=\u00bbPage Header\u00bb _builder_version=\u00bb4.9.3&#8243; background_image=\u00bbhttps:\/\/www.on-salus.com\/wp-content\/uploads\/2021\/04\/ABSENTISMO.png\u00bb parallax=\u00bbon\u00bb][et_pb_fullwidth_header title=\u00bbGESTI\u00d3N DEL ABSENTISMO\u00bb text_orientation=\u00bbcenter\u00bb button_one_text=\u00bbVER V\u00cdDEO GESTI\u00d3N ABSENTISMO\u00bb button_one_url=\u00bbhttps:\/\/www.youtube.com\/watch?v=L2vi2zSHor8&#8243; admin_label=\u00bbHero Section\u00bb module_id=\u00bbvideopopup\u00bb _builder_version=\u00bb4.9.3&#8243; title_font=\u00bbMontserrat|700||on|||||\u00bb title_text_align=\u00bbcenter\u00bb title_font_size=\u00bb45px\u00bb title_line_height=\u00bb1.3em\u00bb content_font_size=\u00bb18px\u00bb content_line_height=\u00bb1.8em\u00bb subhead_font=\u00bb||||\u00bb background_color=\u00bbrgba(255,255,255,0)\u00bb use_background_color_gradient=\u00bbon\u00bb background_color_gradient_start=\u00bb#5796b9&#8243; background_color_gradient_end=\u00bbrgba(87,150,185,0.47)\u00bb custom_button_one=\u00bbon\u00bb button_one_text_size=\u00bb16px\u00bb button_one_text_color=\u00bb#ffffff\u00bb button_one_bg_color=\u00bb#3367a1&#8243; button_one_border_width=\u00bb2px\u00bb button_one_border_color=\u00bb#3367a1&#8243; button_one_border_radius=\u00bb0&#8243; button_one_letter_spacing=\u00bb2&#8243; button_one_font=\u00bbMontserrat|||on|\u00bb button_one_use_icon=\u00bboff\u00bb custom_button_two=\u00bbon\u00bb button_two_text_size=\u00bb16px\u00bb button_two_border_width=\u00bb2px\u00bb button_two_border_color=\u00bb#ffffff\u00bb button_two_border_radius=\u00bb0&#8243; button_two_letter_spacing=\u00bb2&#8243; button_two_font=\u00bbMontserrat|||on|\u00bb button_two_use_icon=\u00bboff\u00bb module_alignment=\u00bbleft\u00bb min_height=\u00bb300px\u00bb custom_padding=\u00bb11px||0px|||\u00bb animation_style=\u00bbfade\u00bb hover_enabled=\u00bb0&#8243; title_text_shadow_style=\u00bbpreset1&#8243; box_shadow_style_button_one=\u00bbpreset2&#8243; button_one_text_color_hover=\u00bb#6eba01&#8243; button_two_text_color_hover=\u00bb#6eba01&#8243; button_one_border_color_hover=\u00bb#ffffff\u00bb button_two_border_color_hover=\u00bb#ffffff\u00bb button_one_border_radius_hover=\u00bb0&#8243; button_two_border_radius_hover=\u00bb0&#8243; button_one_letter_spacing_hover=\u00bb2&#8243; button_two_letter_spacing_hover=\u00bb2&#8243; button_one_bg_color_hover=\u00bb#ffffff\u00bb button_two_bg_color_hover=\u00bb#ffffff\u00bb button_one_text_size__hover_enabled=\u00bboff\u00bb button_two_text_size__hover_enabled=\u00bboff\u00bb button_one_text_color__hover_enabled=\u00bbon\u00bb button_one_text_color__hover=\u00bb#6eba01&#8243; button_two_text_color__hover_enabled=\u00bbon\u00bb button_two_text_color__hover=\u00bb#6eba01&#8243; button_one_border_width__hover_enabled=\u00bboff\u00bb button_two_border_width__hover_enabled=\u00bboff\u00bb button_one_border_color__hover_enabled=\u00bbon\u00bb button_one_border_color__hover=\u00bb#ffffff\u00bb button_two_border_color__hover_enabled=\u00bbon\u00bb button_two_border_color__hover=\u00bb#ffffff\u00bb button_one_border_radius__hover_enabled=\u00bbon\u00bb button_one_border_radius__hover=\u00bb0&#8243; button_two_border_radius__hover_enabled=\u00bbon\u00bb button_two_border_radius__hover=\u00bb0&#8243; button_one_letter_spacing__hover_enabled=\u00bbon\u00bb button_one_letter_spacing__hover=\u00bb2&#8243; button_two_letter_spacing__hover_enabled=\u00bbon\u00bb button_two_letter_spacing__hover=\u00bb2&#8243; button_one_bg_color__hover_enabled=\u00bbon\u00bb button_one_bg_color__hover=\u00bb#ffffff\u00bb button_two_bg_color__hover_enabled=\u00bbon\u00bb button_two_bg_color__hover=\u00bb#ffffff\u00bb link_option_url=\u00bbhttps:\/\/www.youtube.com\/watch?v=L2vi2zSHor8&#8243; sticky_enabled=\u00bb0&#8243;]<\/p>\n<p>Muchas organizaciones conocemos la teor\u00eda y sabemos qu\u00e9 tenemos que hacer para reducir el absentismo pero carecemos de los recursos internos necesarios y del tiempo suficiente para abordarlo<\/p>\n<p>[\/et_pb_fullwidth_header][et_pb_fullwidth_code _builder_version=\u00bb4.7.7&#8243; _module_preset=\u00bbdefault\u00bb]<script type=\"text\/javascript\"><!-- [et_pb_line_break_holder] -->\t(function($){<!-- [et_pb_line_break_holder] -->\t$(document).ready(function() {<!-- [et_pb_line_break_holder] -->\t  $( '#videopopup a' ).addClass('popup-video');<!-- [et_pb_line_break_holder] -->\t    $('.popup-video').magnificPopup({<!-- [et_pb_line_break_holder] -->\t        disableOn: 100,<!-- [et_pb_line_break_holder] -->\t        type: 'iframe',<!-- [et_pb_line_break_holder] -->\t        mainClass: 'mfp-fade',<!-- [et_pb_line_break_holder] -->\t        removalDelay: 160,<!-- [et_pb_line_break_holder] -->\t        preloader: false,<!-- [et_pb_line_break_holder] -->\t        fixedContentPos: false<!-- [et_pb_line_break_holder] -->\t    });<!-- [et_pb_line_break_holder] -->\t});<!-- [et_pb_line_break_holder] -->\t})(jQuery)<!-- [et_pb_line_break_holder] --><\/script>[\/et_pb_fullwidth_code][\/et_pb_section][et_pb_section fb_built=\u00bb1&#8243; admin_label=\u00bbServices\u00bb _builder_version=\u00bb3.22&#8243; custom_margin=\u00bb-1px|||||\u00bb custom_padding=\u00bb0px||18px|||\u00bb locked=\u00bboff\u00bb][et_pb_row _builder_version=\u00bb4.7.7&#8243; background_size=\u00bbinitial\u00bb background_position=\u00bbtop_left\u00bb background_repeat=\u00bbrepeat\u00bb custom_width_px=\u00bb710px\u00bb][et_pb_column type=\u00bb4_4&#8243; _builder_version=\u00bb3.25&#8243; background_position=\u00bbtop_left\u00bb custom_padding=\u00bb|||\u00bb custom_padding__hover=\u00bb|||\u00bb][et_pb_text admin_label=\u00bbServices Section Subtitle\u00bb _builder_version=\u00bb4.7.7&#8243; text_font_size=\u00bb16px\u00bb text_line_height=\u00bb3em\u00bb background_size=\u00bbinitial\u00bb background_position=\u00bbtop_left\u00bb background_repeat=\u00bbrepeat\u00bb text_orientation=\u00bbcenter\u00bb max_width=\u00bb710px\u00bb module_alignment=\u00bbcenter\u00bb animation_style=\u00bbfold\u00bb animation_direction=\u00bbbottom\u00bb animation_intensity_fold=\u00bb20%\u00bb]<\/p>\n<h5>Si alguna vez has tenido alguna de las siguientes reflexiones\u00a0 y no sabes c\u00f3mo abordarlas\u2026<\/h5>\n<p>[\/et_pb_text][\/et_pb_column][\/et_pb_row][et_pb_row column_structure=\u00bb1_4,1_4,1_4,1_4&#8243; _builder_version=\u00bb3.25&#8243; background_size=\u00bbinitial\u00bb background_position=\u00bbtop_left\u00bb background_repeat=\u00bbrepeat\u00bb custom_margin=\u00bb-23px|auto||auto||\u00bb custom_padding=\u00bb24px|||||\u00bb locked=\u00bboff\u00bb][et_pb_column type=\u00bb1_4&#8243; _builder_version=\u00bb3.25&#8243; background_position=\u00bbtop_left\u00bb custom_padding=\u00bb|||\u00bb custom_padding__hover=\u00bb|||\u00bb][et_pb_blurb title=\u00bbMal Irremediable\u00bb url=\u00bb#\u00bb image=\u00bbhttps:\/\/www.on-salus.com\/wp-content\/uploads\/2021\/04\/mala-resena.png\u00bb admin_label=\u00bbService 01&#8243; _builder_version=\u00bb4.7.7&#8243; header_font=\u00bbMontserrat||||\u00bb header_text_color=\u00bb#1f1f1f\u00bb header_font_size=\u00bb22px\u00bb header_line_height=\u00bb1.8em\u00bb body_font_size=\u00bb16px\u00bb body_line_height=\u00bb1.9em\u00bb background_size=\u00bbinitial\u00bb background_position=\u00bbtop_left\u00bb background_repeat=\u00bbrepeat\u00bb text_orientation=\u00bbcenter\u00bb animation_style=\u00bbfold\u00bb animation_direction=\u00bbbottom\u00bb animation_intensity_fold=\u00bb30%\u00bb]<\/p>\n<p>El absentismo es un mal irremediable<\/p>\n<p>[\/et_pb_blurb][\/et_pb_column][et_pb_column type=\u00bb1_4&#8243; _builder_version=\u00bb3.25&#8243; background_position=\u00bbtop_left\u00bb custom_padding=\u00bb|||\u00bb custom_padding__hover=\u00bb|||\u00bb][et_pb_blurb title=\u00bbOrganizaci\u00f3n\u00bb url=\u00bb#\u00bb image=\u00bbhttps:\/\/www.on-salus.com\/wp-content\/uploads\/2021\/04\/organizacion.png\u00bb admin_label=\u00bbService 02&#8243; _builder_version=\u00bb4.7.7&#8243; header_font=\u00bbMontserrat||||\u00bb header_text_color=\u00bb#1f1f1f\u00bb header_font_size=\u00bb22px\u00bb header_line_height=\u00bb1.8em\u00bb body_font_size=\u00bb16px\u00bb body_line_height=\u00bb1.9em\u00bb background_size=\u00bbinitial\u00bb background_position=\u00bbtop_left\u00bb background_repeat=\u00bbrepeat\u00bb text_orientation=\u00bbcenter\u00bb animation_style=\u00bbfold\u00bb animation_direction=\u00bbbottom\u00bb animation_delay=\u00bb100ms\u00bb animation_intensity_fold=\u00bb30%\u00bb]<\/p>\n<p>Como organizaci\u00f3n no puedo hacer nada<\/p>\n<p>[\/et_pb_blurb][\/et_pb_column][et_pb_column type=\u00bb1_4&#8243; _builder_version=\u00bb3.25&#8243; background_position=\u00bbtop_left\u00bb custom_padding=\u00bb|||\u00bb custom_padding__hover=\u00bb|||\u00bb][et_pb_blurb title=\u00bbLegalidad\u00bb url=\u00bb#\u00bb image=\u00bbhttps:\/\/www.on-salus.com\/wp-content\/uploads\/2021\/04\/equilibrar.png\u00bb admin_label=\u00bbService 03&#8243; _builder_version=\u00bb4.7.7&#8243; header_font=\u00bbMontserrat||||\u00bb header_text_color=\u00bb#1f1f1f\u00bb header_font_size=\u00bb22px\u00bb header_line_height=\u00bb1.8em\u00bb body_font_size=\u00bb16px\u00bb body_line_height=\u00bb1.9em\u00bb background_size=\u00bbinitial\u00bb background_position=\u00bbtop_left\u00bb background_repeat=\u00bbrepeat\u00bb text_orientation=\u00bbcenter\u00bb animation_style=\u00bbfold\u00bb animation_direction=\u00bbbottom\u00bb animation_delay=\u00bb300ms\u00bb animation_intensity_fold=\u00bb30%\u00bb]<\/p>\n<p>Mientras no cambie la ley no puedo hacer nada<\/p>\n<p>[\/et_pb_blurb][\/et_pb_column][et_pb_column type=\u00bb1_4&#8243; _builder_version=\u00bb4.7.7&#8243; _module_preset=\u00bbdefault\u00bb][et_pb_blurb title=\u00bbRecursos\u00bb url=\u00bb#\u00bb image=\u00bbhttps:\/\/www.on-salus.com\/wp-content\/uploads\/2021\/04\/productividad.png\u00bb admin_label=\u00bbService 03&#8243; _builder_version=\u00bb4.7.7&#8243; header_font=\u00bbMontserrat||||\u00bb header_text_color=\u00bb#1f1f1f\u00bb header_font_size=\u00bb22px\u00bb header_line_height=\u00bb1.8em\u00bb body_font_size=\u00bb16px\u00bb body_line_height=\u00bb1.9em\u00bb background_size=\u00bbinitial\u00bb background_position=\u00bbtop_left\u00bb background_repeat=\u00bbrepeat\u00bb text_orientation=\u00bbcenter\u00bb animation_style=\u00bbfold\u00bb animation_direction=\u00bbbottom\u00bb animation_delay=\u00bb300ms\u00bb animation_intensity_fold=\u00bb30%\u00bb]<\/p>\n<p>No puedo destinar muchos recursos a este asunto<\/p>\n<p>[\/et_pb_blurb][\/et_pb_column][\/et_pb_row][\/et_pb_section][et_pb_section fb_built=\u00bb1&#8243; admin_label=\u00bbVideo\u00bb _builder_version=\u00bb4.7.7&#8243; min_height=\u00bb635.3px\u00bb custom_margin=\u00bb||95px|||\u00bb custom_padding=\u00bb0px||0px|||\u00bb animation_style=\u00bbfold\u00bb animation_direction=\u00bbbottom\u00bb animation_intensity_fold=\u00bb4%\u00bb][et_pb_row column_structure=\u00bb1_3,2_3&#8243; _builder_version=\u00bb4.7.7&#8243; _module_preset=\u00bbdefault\u00bb custom_padding=\u00bb1px|||||\u00bb][et_pb_column type=\u00bb1_3&#8243; _builder_version=\u00bb4.7.7&#8243; _module_preset=\u00bbdefault\u00bb][et_pb_text _builder_version=\u00bb4.7.7&#8243; _module_preset=\u00bbdefault\u00bb]<\/p>\n<p style=\"text-align: justify;\"><span style=\"font-size: 14px;\"><\/span><\/p>\n<p style=\"text-align: justify;\"><span style=\"font-size: 14px;\"><\/span><\/p>\n<p style=\"text-align: justify;\"><span style=\"font-size: 14px;\"><\/span><\/p>\n<p style=\"text-align: justify;\"><span style=\"font-size: 14px;\">En <\/span><span style=\"font-size: large;\"><strong>On Salus<\/strong><\/span><span style=\"font-size: 14px;\"> nos ponemos a tu disposici\u00f3n para ayudarte en la gesti\u00f3n del absentismo a trav\u00e9s de un sistema de <\/span><span style=\"font-size: large;\">gesti\u00f3n de la presencia de las personas y no de gesti\u00f3n de las ausencias<\/span><span style=\"font-size: 14px;\">. Nos ocupamos y nos preocupamos mientras las personas se encuentran trabajando y para ello elaboramos un <\/span><span style=\"font-size: large;\"><strong>Plan de Gesti\u00f3n del Absentismo<\/strong><\/span><span style=\"font-size: 14px;\"> que contendr\u00e1:<\/span><\/p>\n<p>[\/et_pb_text][\/et_pb_column][et_pb_column type=\u00bb2_3&#8243; _builder_version=\u00bb4.7.7&#8243; _module_preset=\u00bbdefault\u00bb][et_pb_image src=\u00bbhttps:\/\/www.on-salus.com\/wp-content\/uploads\/2021\/04\/logoempresa.jpg\u00bb title_text=\u00bblogoempresa\u00bb _builder_version=\u00bb4.7.7&#8243; _module_preset=\u00bbdefault\u00bb][\/et_pb_image][\/et_pb_column][\/et_pb_row][et_pb_row column_structure=\u00bb1_4,1_4,1_4,1_4&#8243; _builder_version=\u00bb4.7.7&#8243; _module_preset=\u00bbdefault\u00bb][et_pb_column type=\u00bb1_4&#8243; _builder_version=\u00bb4.7.7&#8243; _module_preset=\u00bbdefault\u00bb][et_pb_blurb image=\u00bbhttps:\/\/www.on-salus.com\/wp-content\/uploads\/2021\/04\/1.png\u00bb _builder_version=\u00bb4.7.7&#8243; _module_preset=\u00bbdefault\u00bb]<\/p>\n<p style=\"text-align: justify;\">An\u00e1lisis cuantitativo y cualitativo del absentismo<\/p>\n<p>[\/et_pb_blurb][\/et_pb_column][et_pb_column type=\u00bb1_4&#8243; _builder_version=\u00bb4.7.7&#8243; _module_preset=\u00bbdefault\u00bb][et_pb_blurb image=\u00bbhttps:\/\/www.on-salus.com\/wp-content\/uploads\/2021\/04\/2.png\u00bb _builder_version=\u00bb4.7.7&#8243; _module_preset=\u00bbdefault\u00bb]<\/p>\n<p style=\"text-align: justify;\">Formaci\u00f3n y sensibilizaci\u00f3n de directivos, mandos intermedios, colaboradores y agentes que participan en la gesti\u00f3n del absentismo en la organizaci\u00f3n.<\/p>\n<p>[\/et_pb_blurb][\/et_pb_column][et_pb_column type=\u00bb1_4&#8243; _builder_version=\u00bb4.7.7&#8243; _module_preset=\u00bbdefault\u00bb][et_pb_blurb image=\u00bbhttps:\/\/www.on-salus.com\/wp-content\/uploads\/2021\/04\/3.png\u00bb _builder_version=\u00bb4.7.7&#8243; _module_preset=\u00bbdefault\u00bb]<\/p>\n<p style=\"text-align: justify;\">Desarrollo y seguimiento de indicadores y protocolos de actuaci\u00f3n antes, durante y despu\u00e9s de la ausencia.<\/p>\n<p>[\/et_pb_blurb][\/et_pb_column][et_pb_column type=\u00bb1_4&#8243; _builder_version=\u00bb4.7.7&#8243; _module_preset=\u00bbdefault\u00bb][et_pb_blurb image=\u00bbhttps:\/\/www.on-salus.com\/wp-content\/uploads\/2021\/04\/4.png\u00bb _builder_version=\u00bb4.7.7&#8243; _module_preset=\u00bbdefault\u00bb]<\/p>\n<p style=\"text-align: justify;\">Revisi\u00f3n del Plan de Gesti\u00f3n del Absentismo<\/p>\n<p>[\/et_pb_blurb][\/et_pb_column][\/et_pb_row][\/et_pb_section][et_pb_section fb_built=\u00bb1&#8243; admin_label=\u00bbEmail Subscribe\u00bb _builder_version=\u00bb4.7.7&#8243; use_background_color_gradient=\u00bbon\u00bb background_color_gradient_start=\u00bbrgba(0,0,0,0)\u00bb background_color_gradient_end=\u00bbrgba(0,0,0,0)\u00bb background_image=\u00bbhttps:\/\/www.on-salus.com\/wp-content\/uploads\/2021\/04\/fondocontactar.png\u00bb custom_margin=\u00bb-98px|||||\u00bb custom_padding=\u00bb0px||90px|||\u00bb animation_style=\u00bbfold\u00bb animation_direction=\u00bbbottom\u00bb animation_intensity_fold=\u00bb4%\u00bb][et_pb_row _builder_version=\u00bb4.7.7&#8243; background_size=\u00bbinitial\u00bb background_position=\u00bbtop_left\u00bb background_repeat=\u00bbrepeat\u00bb custom_width_px=\u00bb710px\u00bb][et_pb_column type=\u00bb4_4&#8243; _builder_version=\u00bb3.25&#8243; background_position=\u00bbtop_left\u00bb custom_padding=\u00bb|||\u00bb custom_padding__hover=\u00bb|||\u00bb][et_pb_text admin_label=\u00bbRequest Section Title\u00bb _builder_version=\u00bb4.7.7&#8243; text_text_color=\u00bb#000000&#8243; header_font=\u00bbMontserrat||||\u00bb header_font_size=\u00bb36px\u00bb text_orientation=\u00bbcenter\u00bb background_layout=\u00bbdark\u00bb max_width=\u00bb710px\u00bb module_alignment=\u00bbcenter\u00bb custom_padding=\u00bb||0px|||\u00bb animation_style=\u00bbfold\u00bb animation_direction=\u00bbbottom\u00bb animation_intensity_fold=\u00bb20%\u00bb]<\/p>\n<h1><span style=\"color: #000000;\">Ponte en contacto con nosotros para m\u00e1s informaci\u00f3n<\/span><\/h1>\n<p>[\/et_pb_text][et_pb_text admin_label=\u00bbRequest Section Subtitle\u00bb _builder_version=\u00bb3.27.4&#8243; text_font_size=\u00bb16px\u00bb text_line_height=\u00bb1.9em\u00bb background_size=\u00bbinitial\u00bb background_position=\u00bbtop_left\u00bb background_repeat=\u00bbrepeat\u00bb text_orientation=\u00bbcenter\u00bb background_layout=\u00bbdark\u00bb max_width=\u00bb710px\u00bb module_alignment=\u00bbcenter\u00bb custom_padding=\u00bb||0px|||\u00bb animation_style=\u00bbfold\u00bb animation_direction=\u00bbbottom\u00bb animation_intensity_fold=\u00bb20%\u00bb]<\/p>\n<p><span style=\"color: #000000;\">SI quieres puedes adelantarnos tu dudas o inquietudes sobre absentismo y nuestros consultores se pondr\u00e1n\u00a0 en contacto contigo.<\/span><\/p>\n<p>[\/et_pb_text][\/et_pb_column][\/et_pb_row][et_pb_row _builder_version=\u00bb4.7.7&#8243; _module_preset=\u00bbdefault\u00bb][et_pb_column type=\u00bb4_4&#8243; _builder_version=\u00bb4.7.7&#8243; _module_preset=\u00bbdefault\u00bb][et_pb_contact_form captcha=\u00bboff\u00bb email=\u00bbvguzman@indartek.es\u00bb success_message=\u00bbSe ha enviado la informaci\u00f3n correctamente, nuestros consultores se pondr\u00e1n en contacto.\u00bb _builder_version=\u00bb4.7.7&#8243; _module_preset=\u00bbdefault\u00bb custom_button=\u00bbon\u00bb button_text_color=\u00bb#ffffff\u00bb button_bg_color=\u00bb#0da0c5&#8243; box_shadow_style=\u00bbpreset1&#8243;][et_pb_contact_field field_id=\u00bbName\u00bb field_title=\u00bbNombre\u00bb _builder_version=\u00bb4.7.7&#8243; button_text_size__hover_enabled=\u00bboff\u00bb button_one_text_size__hover_enabled=\u00bboff\u00bb button_two_text_size__hover_enabled=\u00bboff\u00bb button_text_color__hover_enabled=\u00bboff\u00bb button_one_text_color__hover_enabled=\u00bboff\u00bb button_two_text_color__hover_enabled=\u00bboff\u00bb button_border_width__hover_enabled=\u00bboff\u00bb button_one_border_width__hover_enabled=\u00bboff\u00bb button_two_border_width__hover_enabled=\u00bboff\u00bb button_border_color__hover_enabled=\u00bboff\u00bb button_one_border_color__hover_enabled=\u00bboff\u00bb button_two_border_color__hover_enabled=\u00bboff\u00bb button_border_radius__hover_enabled=\u00bboff\u00bb button_one_border_radius__hover_enabled=\u00bboff\u00bb button_two_border_radius__hover_enabled=\u00bboff\u00bb button_letter_spacing__hover_enabled=\u00bboff\u00bb button_one_letter_spacing__hover_enabled=\u00bboff\u00bb button_two_letter_spacing__hover_enabled=\u00bboff\u00bb button_bg_color__hover_enabled=\u00bboff\u00bb button_one_bg_color__hover_enabled=\u00bboff\u00bb button_two_bg_color__hover_enabled=\u00bboff\u00bb][\/et_pb_contact_field][et_pb_contact_field field_id=\u00bbEmail\u00bb field_title=\u00bbDirecci\u00f3n de correo electr\u00f3nico\u00bb field_type=\u00bbemail\u00bb _builder_version=\u00bb3.16&#8243; button_text_size__hover_enabled=\u00bboff\u00bb button_one_text_size__hover_enabled=\u00bboff\u00bb button_two_text_size__hover_enabled=\u00bboff\u00bb button_text_color__hover_enabled=\u00bboff\u00bb button_one_text_color__hover_enabled=\u00bboff\u00bb button_two_text_color__hover_enabled=\u00bboff\u00bb button_border_width__hover_enabled=\u00bboff\u00bb button_one_border_width__hover_enabled=\u00bboff\u00bb button_two_border_width__hover_enabled=\u00bboff\u00bb button_border_color__hover_enabled=\u00bboff\u00bb button_one_border_color__hover_enabled=\u00bboff\u00bb button_two_border_color__hover_enabled=\u00bboff\u00bb button_border_radius__hover_enabled=\u00bboff\u00bb button_one_border_radius__hover_enabled=\u00bboff\u00bb button_two_border_radius__hover_enabled=\u00bboff\u00bb button_letter_spacing__hover_enabled=\u00bboff\u00bb button_one_letter_spacing__hover_enabled=\u00bboff\u00bb button_two_letter_spacing__hover_enabled=\u00bboff\u00bb button_bg_color__hover_enabled=\u00bboff\u00bb button_one_bg_color__hover_enabled=\u00bboff\u00bb button_two_bg_color__hover_enabled=\u00bboff\u00bb][\/et_pb_contact_field][et_pb_contact_field field_id=\u00bbMessage\u00bb field_title=\u00bbMensaje\u00bb field_type=\u00bbtext\u00bb fullwidth_field=\u00bbon\u00bb _builder_version=\u00bb3.16&#8243; button_text_size__hover_enabled=\u00bboff\u00bb button_one_text_size__hover_enabled=\u00bboff\u00bb button_two_text_size__hover_enabled=\u00bboff\u00bb button_text_color__hover_enabled=\u00bboff\u00bb button_one_text_color__hover_enabled=\u00bboff\u00bb button_two_text_color__hover_enabled=\u00bboff\u00bb button_border_width__hover_enabled=\u00bboff\u00bb button_one_border_width__hover_enabled=\u00bboff\u00bb button_two_border_width__hover_enabled=\u00bboff\u00bb button_border_color__hover_enabled=\u00bboff\u00bb button_one_border_color__hover_enabled=\u00bboff\u00bb button_two_border_color__hover_enabled=\u00bboff\u00bb button_border_radius__hover_enabled=\u00bboff\u00bb button_one_border_radius__hover_enabled=\u00bboff\u00bb button_two_border_radius__hover_enabled=\u00bboff\u00bb button_letter_spacing__hover_enabled=\u00bboff\u00bb button_one_letter_spacing__hover_enabled=\u00bboff\u00bb button_two_letter_spacing__hover_enabled=\u00bboff\u00bb button_bg_color__hover_enabled=\u00bboff\u00bb button_one_bg_color__hover_enabled=\u00bboff\u00bb button_two_bg_color__hover_enabled=\u00bboff\u00bb][\/et_pb_contact_field][\/et_pb_contact_form][\/et_pb_column][\/et_pb_row][\/et_pb_section]<\/p>\n","protected":false},"excerpt":{"rendered":"<p>Muchas organizaciones conocemos la teor\u00eda y sabemos qu\u00e9 tenemos que hacer para reducir el absentismo pero carecemos de los recursos internos necesarios y del tiempo suficiente para abordarloSi alguna vez has tenido alguna de las siguientes reflexiones\u00a0 y no sabes c\u00f3mo abordarlas\u2026El absentismo es un mal irremediableComo organizaci\u00f3n no puedo hacer nadaMientras no cambie la [&hellip;]<\/p>\n","protected":false},"author":1,"featured_media":0,"parent":0,"menu_order":0,"comment_status":"closed","ping_status":"closed","template":"","meta":{"_et_pb_use_builder":"on","_et_pb_old_content":"","_et_gb_content_width":""},"_links":{"self":[{"href":"https:\/\/www.on-salus.com\/index.php?rest_route=\/wp\/v2\/pages\/297"}],"collection":[{"href":"https:\/\/www.on-salus.com\/index.php?rest_route=\/wp\/v2\/pages"}],"about":[{"href":"https:\/\/www.on-salus.com\/index.php?rest_route=\/wp\/v2\/types\/page"}],"author":[{"embeddable":true,"href":"https:\/\/www.on-salus.com\/index.php?rest_route=\/wp\/v2\/users\/1"}],"replies":[{"embeddable":true,"href":"https:\/\/www.on-salus.com\/index.php?rest_route=%2Fwp%2Fv2%2Fcomments&post=297"}],"version-history":[{"count":53,"href":"https:\/\/www.on-salus.com\/index.php?rest_route=\/wp\/v2\/pages\/297\/revisions"}],"predecessor-version":[{"id":1308,"href":"https:\/\/www.on-salus.com\/index.php?rest_route=\/wp\/v2\/pages\/297\/revisions\/1308"}],"wp:attachment":[{"href":"https:\/\/www.on-salus.com\/index.php?rest_route=%2Fwp%2Fv2%2Fmedia&parent=297"}],"curies":[{"name":"wp","href":"https:\/\/api.w.org\/{rel}","templated":true}]}}