{"id":9,"date":"2021-02-24T22:11:49","date_gmt":"2021-02-24T22:11:49","guid":{"rendered":"http:\/\/www.on-salus.com\/?page_id=9"},"modified":"2021-04-13T21:55:04","modified_gmt":"2021-04-13T21:55:04","slug":"empresa-saludable","status":"publish","type":"page","link":"https:\/\/www.on-salus.com\/?page_id=9","title":{"rendered":"Empresa Saludable"},"content":{"rendered":"<p>[et_pb_section fb_built=\u00bb1&#8243; fullwidth=\u00bbon\u00bb admin_label=\u00bbPage Header\u00bb _builder_version=\u00bb4.7.7&#8243; background_image=\u00bbhttps:\/\/www.on-salus.com\/wp-content\/uploads\/2021\/04\/bannersaludable.jpg\u00bb parallax=\u00bbon\u00bb][et_pb_fullwidth_header title=\u00bbEMPRESA SALUDABLE\u00bb text_orientation=\u00bbcenter\u00bb button_one_url=\u00bbhttps:\/\/www.youtube.com\/watch?v=hHaUVfKfCl4&#8243; button_two_url=\u00bb#\u00bb admin_label=\u00bbHero Section\u00bb module_id=\u00bbvideopopup\u00bb _builder_version=\u00bb4.7.7&#8243; title_font=\u00bbMontserrat|on|||\u00bb title_font_size=\u00bb45px\u00bb title_line_height=\u00bb1.4em\u00bb content_font_size=\u00bb18px\u00bb content_line_height=\u00bb1.8em\u00bb subhead_font=\u00bb||||\u00bb background_color=\u00bbrgba(255, 255, 255, 0)\u00bb use_background_color_gradient=\u00bbon\u00bb background_color_gradient_start=\u00bb#5998b9&#8243; background_color_gradient_end=\u00bbrgba(89,152,185,0.2)\u00bb custom_button_one=\u00bbon\u00bb button_one_text_size=\u00bb16px\u00bb button_one_bg_color=\u00bb#3367a1&#8243; button_one_border_width=\u00bb2px\u00bb button_one_border_color=\u00bb#3367a1&#8243; button_one_border_radius=\u00bb0&#8243; button_one_letter_spacing=\u00bb2&#8243; button_one_font=\u00bbMontserrat|||on|\u00bb button_one_use_icon=\u00bboff\u00bb custom_button_two=\u00bbon\u00bb button_two_text_size=\u00bb16px\u00bb button_two_border_width=\u00bb2px\u00bb button_two_border_color=\u00bb#ffffff\u00bb button_two_border_radius=\u00bb0&#8243; button_two_letter_spacing=\u00bb2&#8243; button_two_font=\u00bbMontserrat|||on|\u00bb button_two_use_icon=\u00bboff\u00bb module_alignment=\u00bbleft\u00bb custom_margin=\u00bb|||\u00bb custom_padding=\u00bb0px||2px|||\u00bb animation_style=\u00bbfade\u00bb title_text_shadow_style=\u00bbpreset1&#8243; box_shadow_style_button_one=\u00bbpreset2&#8243; button_one_text_color_hover=\u00bb#6eba01&#8243; button_two_text_color_hover=\u00bb#6eba01&#8243; button_one_border_color_hover=\u00bb#ffffff\u00bb button_two_border_color_hover=\u00bb#ffffff\u00bb button_one_border_radius_hover=\u00bb0&#8243; button_two_border_radius_hover=\u00bb0&#8243; button_one_letter_spacing_hover=\u00bb2&#8243; button_two_letter_spacing_hover=\u00bb2&#8243; button_one_bg_color_hover=\u00bb#ffffff\u00bb button_two_bg_color_hover=\u00bb#ffffff\u00bb button_one_text_size__hover_enabled=\u00bboff\u00bb button_two_text_size__hover_enabled=\u00bboff\u00bb button_one_text_color__hover_enabled=\u00bbon\u00bb button_one_text_color__hover=\u00bb#6eba01&#8243; button_two_text_color__hover_enabled=\u00bbon\u00bb button_two_text_color__hover=\u00bb#6eba01&#8243; button_one_border_width__hover_enabled=\u00bboff\u00bb button_two_border_width__hover_enabled=\u00bboff\u00bb button_one_border_color__hover_enabled=\u00bbon\u00bb button_one_border_color__hover=\u00bb#ffffff\u00bb button_two_border_color__hover_enabled=\u00bbon\u00bb button_two_border_color__hover=\u00bb#ffffff\u00bb button_one_border_radius__hover_enabled=\u00bbon\u00bb button_one_border_radius__hover=\u00bb0&#8243; button_two_border_radius__hover_enabled=\u00bbon\u00bb button_two_border_radius__hover=\u00bb0&#8243; button_one_letter_spacing__hover_enabled=\u00bbon\u00bb button_one_letter_spacing__hover=\u00bb2&#8243; button_two_letter_spacing__hover_enabled=\u00bbon\u00bb button_two_letter_spacing__hover=\u00bb2&#8243; button_one_bg_color__hover_enabled=\u00bbon\u00bb button_one_bg_color__hover=\u00bb#ffffff\u00bb button_two_bg_color__hover_enabled=\u00bbon\u00bb button_two_bg_color__hover=\u00bb#ffffff\u00bb]<\/p>\n<p>El \u00e9xito de las organizaciones pasa por la generaci\u00f3n de una cultura de lo saludable<\/p>\n<p>&nbsp;<\/p>\n<p>&nbsp;<\/p>\n<p>[\/et_pb_fullwidth_header][\/et_pb_section][et_pb_section fb_built=\u00bb1&#8243; fullwidth=\u00bbon\u00bb _builder_version=\u00bb4.7.7&#8243; _module_preset=\u00bbdefault\u00bb][et_pb_fullwidth_code _builder_version=\u00bb4.7.7&#8243; _module_preset=\u00bbdefault\u00bb]<script type=\"text\/javascript\"><!-- [et_pb_line_break_holder] -->\t(function($){<!-- [et_pb_line_break_holder] -->\t$(document).ready(function() {<!-- [et_pb_line_break_holder] -->\t  $( '#videopopup a' ).addClass('popup-video');<!-- [et_pb_line_break_holder] -->\t    $('.popup-video').magnificPopup({<!-- [et_pb_line_break_holder] -->\t        disableOn: 100,<!-- [et_pb_line_break_holder] -->\t        type: 'iframe',<!-- [et_pb_line_break_holder] -->\t        mainClass: 'mfp-fade',<!-- [et_pb_line_break_holder] -->\t        removalDelay: 160,<!-- [et_pb_line_break_holder] -->\t        preloader: false,<!-- [et_pb_line_break_holder] -->\t        fixedContentPos: false<!-- [et_pb_line_break_holder] -->\t    });<!-- [et_pb_line_break_holder] -->\t});<!-- [et_pb_line_break_holder] -->\t})(jQuery)<!-- [et_pb_line_break_holder] --><\/script>[\/et_pb_fullwidth_code][\/et_pb_section][et_pb_section fb_built=\u00bb1&#8243; admin_label=\u00bbServices\u00bb _builder_version=\u00bb3.22&#8243; custom_padding=\u00bb5px|0px|0px|0px||\u00bb][et_pb_row _builder_version=\u00bb4.7.7&#8243; _module_preset=\u00bbdefault\u00bb][et_pb_column type=\u00bb4_4&#8243; _builder_version=\u00bb4.7.7&#8243; _module_preset=\u00bbdefault\u00bb][et_pb_text _builder_version=\u00bb4.7.7&#8243; _module_preset=\u00bbdefault\u00bb min_height=\u00bb6px\u00bb custom_margin=\u00bb||-51px|||\u00bb custom_padding=\u00bb0px||28px|||\u00bb]<\/p>\n<p style=\"text-align: center;\">Desde <span style=\"font-size: large;\"><strong>On Salus<\/strong><\/span> constatamos que el \u00e9xito de las organizaciones pasa por la generaci\u00f3n de una cultura de lo saludable que desarrolle acciones dirigidas a:<\/p>\n<p>[\/et_pb_text][\/et_pb_column][\/et_pb_row][et_pb_row column_structure=\u00bb1_4,1_4,1_4,1_4&#8243; _builder_version=\u00bb4.7.7&#8243; _module_preset=\u00bbdefault\u00bb][et_pb_column type=\u00bb1_4&#8243; _builder_version=\u00bb4.7.7&#8243; _module_preset=\u00bbdefault\u00bb][et_pb_blurb title=\u00bbORGULLO DE PERTENENCIA\u00bb image=\u00bbhttps:\/\/www.on-salus.com\/wp-content\/uploads\/2021\/04\/orgullopertenencia.jpg\u00bb _builder_version=\u00bb4.7.7&#8243; _module_preset=\u00bbdefault\u00bb header_font=\u00bb|700|||||||\u00bb header_font_size=\u00bb16px\u00bb]<\/p>\n<p style=\"text-align: center;\">Conseguir trabajadores, familiares, clientes, usuarios, personas y otras partes interesadas m\u00e1s sanos, motivados y satisfechos, que sientan con orgullo la pertenencia a su organizaci\u00f3n.<\/p>\n<p>[\/et_pb_blurb][\/et_pb_column][et_pb_column type=\u00bb1_4&#8243; _builder_version=\u00bb4.7.7&#8243; _module_preset=\u00bbdefault\u00bb][et_pb_blurb title=\u00bbMEJORAR ENTORNOS\u00bb image=\u00bbhttps:\/\/www.on-salus.com\/wp-content\/uploads\/2021\/04\/entorno.jpg\u00bb _builder_version=\u00bb4.7.7&#8243; _module_preset=\u00bbdefault\u00bb header_font=\u00bb|700|||||||\u00bb header_text_align=\u00bbcenter\u00bb header_font_size=\u00bb16px\u00bb]<\/p>\n<p style=\"text-align: center;\">Mejorar todos los entornos bajo la capacidad de influencia de la organizaci\u00f3n, de forma que la hagan atractiva para otros profesionales y que adem\u00e1s, retenga el talento.<\/p>\n<p>[\/et_pb_blurb][\/et_pb_column][et_pb_column type=\u00bb1_4&#8243; _builder_version=\u00bb4.7.7&#8243; _module_preset=\u00bbdefault\u00bb][et_pb_blurb title=\u00bbINCREMETAR CLIENTES\u00bb image=\u00bbhttps:\/\/www.on-salus.com\/wp-content\/uploads\/2021\/04\/incremento.jpg\u00bb _builder_version=\u00bb4.7.7&#8243; _module_preset=\u00bbdefault\u00bb header_font=\u00bb|700|||||||\u00bb header_text_align=\u00bbcenter\u00bb header_font_size=\u00bb16px\u00bb]<\/p>\n<p style=\"text-align: center;\">Incrementar los clientes, usuarios y otras partes interesadas en el uso de los productos y\/o servicios responsables que la organizaci\u00f3n ofrece.<\/p>\n<p>[\/et_pb_blurb][\/et_pb_column][et_pb_column type=\u00bb1_4&#8243; _builder_version=\u00bb4.7.7&#8243; _module_preset=\u00bbdefault\u00bb][et_pb_blurb title=\u00bbIMAGEN CORPORATIVA\u00bb image=\u00bbhttps:\/\/www.on-salus.com\/wp-content\/uploads\/2021\/04\/imagensana.jpg\u00bb _builder_version=\u00bb4.7.7&#8243; _module_preset=\u00bbdefault\u00bb header_font=\u00bb|700|||||||\u00bb header_text_align=\u00bbcenter\u00bb header_font_size=\u00bb16px\u00bb]<\/p>\n<p style=\"text-align: center;\">Mejorar la imagen corporativa mediante la proyecci\u00f3n de una organizaci\u00f3n segura, saludable y responsable.<\/p>\n<p>[\/et_pb_blurb][\/et_pb_column][\/et_pb_row][et_pb_row _builder_version=\u00bb4.7.7&#8243; _module_preset=\u00bbdefault\u00bb custom_margin=\u00bb|auto|-15px|auto||\u00bb custom_padding=\u00bb0px|||||\u00bb][et_pb_column type=\u00bb4_4&#8243; _builder_version=\u00bb4.7.7&#8243; _module_preset=\u00bbdefault\u00bb][et_pb_text _builder_version=\u00bb4.7.7&#8243; _module_preset=\u00bbdefault\u00bb custom_margin=\u00bb||28px|||\u00bb custom_padding=\u00bb||3px|||\u00bb]<\/p>\n<p>Tras un diagn\u00f3stico y plan de acci\u00f3n definido y elaborado con el objetivo de mejorar la salud f\u00edsica, mental y social de la organizaci\u00f3n elaboramos los siguientes <span style=\"font-size: large;\"><strong>Planes de Promoci\u00f3n de la Salud:<\/strong><\/span><\/p>\n<p>[\/et_pb_text][\/et_pb_column][\/et_pb_row][et_pb_row _builder_version=\u00bb4.7.7&#8243; _module_preset=\u00bbdefault\u00bb custom_padding=\u00bb2px|||||\u00bb][et_pb_column type=\u00bb4_4&#8243; _builder_version=\u00bb4.7.7&#8243; _module_preset=\u00bbdefault\u00bb][et_pb_tabs _builder_version=\u00bb4.7.7&#8243; _module_preset=\u00bbdefault\u00bb tab_font=\u00bb|800|||||||\u00bb tab_font_size=\u00bb16px\u00bb][et_pb_tab title=\u00bbCUERPO\u00bb _builder_version=\u00bb4.7.7&#8243; _module_preset=\u00bbdefault\u00bb background_image=\u00bbhttps:\/\/www.on-salus.com\/wp-content\/uploads\/2021\/04\/cuerpo.jpg\u00bb background_enable_image=\u00bbon\u00bb background_size=\u00bbcontain\u00bb background_position=\u00bbcenter_right\u00bb]<\/p>\n<p>1.- Estudio de Trastornos musculoesquel\u00e9ticos<\/p>\n<p>2.- Escuela de la Espalda<\/p>\n<p>3.- Estudio de Riesgo Cardiovascular<\/p>\n<p>4.- Alimentaci\u00f3n saludable<\/p>\n<p>5.- Trastornos del sue\u00f1o<\/p>\n<p>6- Actividad f\u00edsica: pilates, yoga\u2026<\/p>\n<p>7.- Adicciones: tabaco, alcohol, drogas, juego\u2026.<\/p>\n<p>[\/et_pb_tab][et_pb_tab title=\u00bbMENTE\u00bb _builder_version=\u00bb4.7.7&#8243; _module_preset=\u00bbdefault\u00bb background_image=\u00bbhttps:\/\/www.on-salus.com\/wp-content\/uploads\/2021\/04\/mente6.jpg\u00bb background_enable_image=\u00bbon\u00bb background_size=\u00bbcontain\u00bb background_position=\u00bbcenter_right\u00bb]<\/p>\n<p>1.- Programa de atenci\u00f3n al Empleado: ayuda psicol\u00f3gica<\/p>\n<p>2.- Liderazgo saludable<\/p>\n<p>3.- Gesti\u00f3n del estr\u00e9s<\/p>\n<p>4.- Mindfullness<\/p>\n<p>&nbsp;<\/p>\n<p>&nbsp;<\/p>\n<p>&nbsp;<\/p>\n<p>[\/et_pb_tab][et_pb_tab title=\u00bbSOCIAL\u00bb _builder_version=\u00bb4.7.7&#8243; _module_preset=\u00bbdefault\u00bb background_image=\u00bbhttps:\/\/www.on-salus.com\/wp-content\/uploads\/2021\/04\/social.jpg\u00bb background_enable_image=\u00bbon\u00bb background_size=\u00bbcontain\u00bb background_position=\u00bbcenter_right\u00bb]<\/p>\n<p>1.- Responsabilidad Social Corporativa<\/p>\n<p>2.- Compilance<\/p>\n<p>3.- Comunicaci\u00f3n y asertividad<\/p>\n<p>4.-Habilidades interpersonales<\/p>\n<p>5.- Inteligencia emocional<\/p>\n<p>6.- Gesti\u00f3n de conflictos<\/p>\n<p>&nbsp;<\/p>\n<p>[\/et_pb_tab][\/et_pb_tabs][\/et_pb_column][\/et_pb_row][et_pb_row _builder_version=\u00bb4.7.7&#8243; _module_preset=\u00bbdefault\u00bb custom_padding=\u00bb3px|||||\u00bb][et_pb_column type=\u00bb4_4&#8243; _builder_version=\u00bb4.7.7&#8243; _module_preset=\u00bbdefault\u00bb][et_pb_text _builder_version=\u00bb4.9.3&#8243; _module_preset=\u00bbdefault\u00bb]<\/p>\n<p style=\"text-align: justify;\">Ayudamos a implantar <strong>H\u00e1bitos Saludables<\/strong> en la organizaciones. Para ello tenemos un <strong>cat\u00e1logo de v\u00eddeos e infografias<\/strong> que ayudan en la <strong>comunicaci\u00f3n de H\u00e1bitos Saludables<\/strong> y tenemos un cat\u00e1logo de p\u00edldoras para fomentarlos.<\/p>\n<p>[\/et_pb_text][\/et_pb_column][\/et_pb_row][et_pb_row column_structure=\u00bb1_2,1_2&#8243; _builder_version=\u00bb4.7.7&#8243; _module_preset=\u00bbdefault\u00bb custom_padding=\u00bb2px|||||\u00bb][et_pb_column type=\u00bb1_2&#8243; _builder_version=\u00bb4.7.7&#8243; _module_preset=\u00bbdefault\u00bb][et_pb_blurb title=\u00bbCOMUNICACI\u00d3N H\u00c1BITOS SALUDABLES\u00bb image=\u00bbhttps:\/\/www.on-salus.com\/wp-content\/uploads\/2021\/04\/Iconocomunicacion.jpg\u00bb _builder_version=\u00bb4.7.7&#8243; _module_preset=\u00bbdefault\u00bb header_font=\u00bb|700|||||||\u00bb header_text_align=\u00bbcenter\u00bb link_option_url=\u00bbhttps:\/\/www.on-salus.com\/?page_id=719&#8243;][\/et_pb_blurb][\/et_pb_column][et_pb_column type=\u00bb1_2&#8243; _builder_version=\u00bb4.7.7&#8243; _module_preset=\u00bbdefault\u00bb][et_pb_blurb title=\u00bbPILDORAS H\u00c1BITOS SALUDABLES\u00bb image=\u00bbhttps:\/\/www.on-salus.com\/wp-content\/uploads\/2021\/04\/IconoPildoras.jpg\u00bb _builder_version=\u00bb4.7.7&#8243; _module_preset=\u00bbdefault\u00bb header_font=\u00bb|700|||||||\u00bb header_text_align=\u00bbcenter\u00bb link_option_url=\u00bbhttps:\/\/www.on-salus.com\/?page_id=721&#8243;][\/et_pb_blurb][\/et_pb_column][\/et_pb_row][et_pb_row _builder_version=\u00bb4.7.7&#8243; _module_preset=\u00bbdefault\u00bb custom_padding=\u00bb2px|||||\u00bb][et_pb_column type=\u00bb4_4&#8243; _builder_version=\u00bb4.7.7&#8243; _module_preset=\u00bbdefault\u00bb][et_pb_text _builder_version=\u00bb4.9.3&#8243; _module_preset=\u00bbdefault\u00bb header_line_height=\u00bb3em\u00bb]<\/p>\n<p style=\"text-align: center;\">\u00bfTienes implantado un plan para ser una Empresa Saludable? \u00bf Ya comunicas todo lo que hace tu organizaci\u00f3n para ser una Empresa Saludable? Y tus Clientes y Colaboradores \u00bf son conscientes todo lo que se realiza para el Bienestar de la organizaci\u00f3n?<\/p>\n<h3 style=\"text-align: center;\">\u00a1COMUN\u00cdCALO! PIDENOS INFORMACI\u00d3N Y TE AYUDAMOS!<\/h3>\n<p>[\/et_pb_text][\/et_pb_column][\/et_pb_row][\/et_pb_section][et_pb_section fb_built=\u00bb1&#8243; _builder_version=\u00bb4.7.7&#8243; _module_preset=\u00bbdefault\u00bb background_image=\u00bbhttps:\/\/www.on-salus.com\/wp-content\/uploads\/2021\/04\/fondocontactar.png\u00bb custom_margin=\u00bb-21px|||||\u00bb custom_padding=\u00bb1px|||||\u00bb][et_pb_row _builder_version=\u00bb4.9.3&#8243; _module_preset=\u00bbdefault\u00bb][et_pb_column type=\u00bb4_4&#8243; _builder_version=\u00bb4.7.7&#8243; _module_preset=\u00bbdefault\u00bb][et_pb_contact_form captcha=\u00bboff\u00bb email=\u00bbvguzman@indartek.es\u00bb _builder_version=\u00bb4.9.3&#8243; _module_preset=\u00bbdefault\u00bb hover_enabled=\u00bb0&#8243; sticky_enabled=\u00bb0&#8243; admin_label=\u00bbSolicitud Informaci\u00f3n Comunicaci\u00f3n H\u00e1bitos Saludables\u00bb][et_pb_contact_field field_id=\u00bbName\u00bb field_title=\u00bbNombre\u00bb _builder_version=\u00bb4.7.7&#8243; box_shadow_style=\u00bbpreset1&#8243; button_text_size__hover_enabled=\u00bboff\u00bb button_one_text_size__hover_enabled=\u00bboff\u00bb button_two_text_size__hover_enabled=\u00bboff\u00bb button_text_color__hover_enabled=\u00bboff\u00bb button_one_text_color__hover_enabled=\u00bboff\u00bb button_two_text_color__hover_enabled=\u00bboff\u00bb button_border_width__hover_enabled=\u00bboff\u00bb button_one_border_width__hover_enabled=\u00bboff\u00bb button_two_border_width__hover_enabled=\u00bboff\u00bb button_border_color__hover_enabled=\u00bboff\u00bb button_one_border_color__hover_enabled=\u00bboff\u00bb button_two_border_color__hover_enabled=\u00bboff\u00bb button_border_radius__hover_enabled=\u00bboff\u00bb button_one_border_radius__hover_enabled=\u00bboff\u00bb button_two_border_radius__hover_enabled=\u00bboff\u00bb button_letter_spacing__hover_enabled=\u00bboff\u00bb button_one_letter_spacing__hover_enabled=\u00bboff\u00bb button_two_letter_spacing__hover_enabled=\u00bboff\u00bb button_bg_color__hover_enabled=\u00bboff\u00bb button_one_bg_color__hover_enabled=\u00bboff\u00bb button_two_bg_color__hover_enabled=\u00bboff\u00bb][\/et_pb_contact_field][et_pb_contact_field field_id=\u00bbEmail\u00bb field_title=\u00bbDirecci\u00f3n de correo electr\u00f3nico\u00bb field_type=\u00bbemail\u00bb _builder_version=\u00bb4.7.7&#8243; box_shadow_style=\u00bbpreset1&#8243; button_text_size__hover_enabled=\u00bboff\u00bb button_one_text_size__hover_enabled=\u00bboff\u00bb button_two_text_size__hover_enabled=\u00bboff\u00bb button_text_color__hover_enabled=\u00bboff\u00bb button_one_text_color__hover_enabled=\u00bboff\u00bb button_two_text_color__hover_enabled=\u00bboff\u00bb button_border_width__hover_enabled=\u00bboff\u00bb button_one_border_width__hover_enabled=\u00bboff\u00bb button_two_border_width__hover_enabled=\u00bboff\u00bb button_border_color__hover_enabled=\u00bboff\u00bb button_one_border_color__hover_enabled=\u00bboff\u00bb button_two_border_color__hover_enabled=\u00bboff\u00bb button_border_radius__hover_enabled=\u00bboff\u00bb button_one_border_radius__hover_enabled=\u00bboff\u00bb button_two_border_radius__hover_enabled=\u00bboff\u00bb button_letter_spacing__hover_enabled=\u00bboff\u00bb button_one_letter_spacing__hover_enabled=\u00bboff\u00bb button_two_letter_spacing__hover_enabled=\u00bboff\u00bb button_bg_color__hover_enabled=\u00bboff\u00bb button_one_bg_color__hover_enabled=\u00bboff\u00bb button_two_bg_color__hover_enabled=\u00bboff\u00bb][\/et_pb_contact_field][et_pb_contact_field field_id=\u00bbMessage\u00bb field_title=\u00bbMensaje\u00bb field_type=\u00bbtext\u00bb fullwidth_field=\u00bbon\u00bb _builder_version=\u00bb4.7.7&#8243; box_shadow_style=\u00bbpreset1&#8243; button_text_size__hover_enabled=\u00bboff\u00bb button_one_text_size__hover_enabled=\u00bboff\u00bb button_two_text_size__hover_enabled=\u00bboff\u00bb button_text_color__hover_enabled=\u00bboff\u00bb button_one_text_color__hover_enabled=\u00bboff\u00bb button_two_text_color__hover_enabled=\u00bboff\u00bb button_border_width__hover_enabled=\u00bboff\u00bb button_one_border_width__hover_enabled=\u00bboff\u00bb button_two_border_width__hover_enabled=\u00bboff\u00bb button_border_color__hover_enabled=\u00bboff\u00bb button_one_border_color__hover_enabled=\u00bboff\u00bb button_two_border_color__hover_enabled=\u00bboff\u00bb button_border_radius__hover_enabled=\u00bboff\u00bb button_one_border_radius__hover_enabled=\u00bboff\u00bb button_two_border_radius__hover_enabled=\u00bboff\u00bb button_letter_spacing__hover_enabled=\u00bboff\u00bb button_one_letter_spacing__hover_enabled=\u00bboff\u00bb button_two_letter_spacing__hover_enabled=\u00bboff\u00bb button_bg_color__hover_enabled=\u00bboff\u00bb button_one_bg_color__hover_enabled=\u00bboff\u00bb button_two_bg_color__hover_enabled=\u00bboff\u00bb][\/et_pb_contact_field][\/et_pb_contact_form][\/et_pb_column][\/et_pb_row][\/et_pb_section]<\/p>\n","protected":false},"excerpt":{"rendered":"<p>El \u00e9xito de las organizaciones pasa por la generaci\u00f3n de una cultura de lo saludable &nbsp; &nbsp;Desde On Salus constatamos que el \u00e9xito de las organizaciones pasa por la generaci\u00f3n de una cultura de lo saludable que desarrolle acciones dirigidas a:Conseguir trabajadores, familiares, clientes, usuarios, personas y otras partes interesadas m\u00e1s sanos, motivados y satisfechos, [&hellip;]<\/p>\n","protected":false},"author":1,"featured_media":0,"parent":0,"menu_order":0,"comment_status":"closed","ping_status":"closed","template":"","meta":{"_et_pb_use_builder":"on","_et_pb_old_content":"<!-- wp:divi\/placeholder \/-->","_et_gb_content_width":""},"_links":{"self":[{"href":"https:\/\/www.on-salus.com\/index.php?rest_route=\/wp\/v2\/pages\/9"}],"collection":[{"href":"https:\/\/www.on-salus.com\/index.php?rest_route=\/wp\/v2\/pages"}],"about":[{"href":"https:\/\/www.on-salus.com\/index.php?rest_route=\/wp\/v2\/types\/page"}],"author":[{"embeddable":true,"href":"https:\/\/www.on-salus.com\/index.php?rest_route=\/wp\/v2\/users\/1"}],"replies":[{"embeddable":true,"href":"https:\/\/www.on-salus.com\/index.php?rest_route=%2Fwp%2Fv2%2Fcomments&post=9"}],"version-history":[{"count":41,"href":"https:\/\/www.on-salus.com\/index.php?rest_route=\/wp\/v2\/pages\/9\/revisions"}],"predecessor-version":[{"id":1264,"href":"https:\/\/www.on-salus.com\/index.php?rest_route=\/wp\/v2\/pages\/9\/revisions\/1264"}],"wp:attachment":[{"href":"https:\/\/www.on-salus.com\/index.php?rest_route=%2Fwp%2Fv2%2Fmedia&parent=9"}],"curies":[{"name":"wp","href":"https:\/\/api.w.org\/{rel}","templated":true}]}}